{"id":15,"date":"2019-06-26T13:55:49","date_gmt":"2019-06-26T11:55:49","guid":{"rendered":"http:\/\/umtykocin.pl\/inwestor\/?page_id=15"},"modified":"2020-03-03T10:58:26","modified_gmt":"2020-03-03T09:58:26","slug":"home","status":"publish","type":"page","link":"http:\/\/umtykocin.pl\/inwestor\/","title":{"rendered":"Home"},"content":{"rendered":"<p>[et_pb_section fb_built=&#8221;1&#8243; admin_label=&#8221;Pierwszy baner&#8221; module_class=&#8221;high-contrast&#8221; _builder_version=&#8221;3.26.1&#8243; custom_margin=&#8221;|||&#8221; custom_padding=&#8221;0px|0px||0px||&#8221; collapsed=&#8221;off&#8221;][et_pb_row _builder_version=&#8221;3.25.2&#8243; width=&#8221;100%&#8221; module_alignment=&#8221;center&#8221; custom_margin=&#8221;|0px||0px&#8221;][et_pb_column type=&#8221;4_4&#8243; _builder_version=&#8221;3.25.2&#8243; custom_padding=&#8221;0px|0px|0px|0px&#8221;][et_pb_slider show_arrows=&#8221;off&#8221; use_bg_overlay=&#8221;off&#8221; use_text_overlay=&#8221;off&#8221; dot_nav_custom_color=&#8221;#ae4682&#8243; admin_label=&#8221;Banery&#8221; _builder_version=&#8221;3.26.3&#8243; height=&#8221;250px&#8221; custom_margin=&#8221;|0px||0px&#8221; auto=&#8221;on&#8221;][et_pb_slide button_link=&#8221;http:\/\/google.com&#8221; url_new_window=&#8221;on&#8221; admin_title=&#8221;Baner auta&#8221; _builder_version=&#8221;3.26.3&#8243; header_font=&#8221;||||||||&#8221; header_font_size=&#8221;30px&#8221; background_image=&#8221;http:\/\/umtykocin.pl\/inwestor\/wp-content\/uploads\/sites\/5\/2019\/07\/Biznes-2.jpg&#8221; background_enable_image=&#8221;on&#8221; custom_padding=&#8221;125px||&#8221; link_option_url=&#8221;http:\/\/google.com&#8221;][\/et_pb_slide][\/et_pb_slider][\/et_pb_column][\/et_pb_row][\/et_pb_section][et_pb_section fb_built=&#8221;1&#8243; admin_label=&#8221;Sekcja g\u0142\u00f3wna&#8221; module_class=&#8221;high-contrast&#8221; _builder_version=&#8221;3.26.3&#8243; custom_margin=&#8221;-141px|||||&#8221; collapsed=&#8221;off&#8221;][et_pb_row column_structure=&#8221;2_3,1_3&#8243; _builder_version=&#8221;3.26.3&#8243; min_height=&#8221;1079px&#8221; custom_padding=&#8221;27px|||||&#8221;][et_pb_column type=&#8221;2_3&#8243; _builder_version=&#8221;3.25.3&#8243;][et_pb_text admin_label=&#8221;Przyk\u0142adowy nag\u0142\u00f3wek&#8221; _builder_version=&#8221;3.27.4&#8243; text_font=&#8221;Lato||||||||&#8221; text_font_size=&#8221;1.6em&#8221; text_line_height=&#8221;1.6em&#8221; header_font=&#8221;||||||||&#8221;]<\/p>\n<p><strong>Tykocin \u2013 zbuduj z nami znakomit\u0105 przysz\u0142o\u015b\u0107!<\/strong><\/p>\n<p>[\/et_pb_text][et_pb_divider color=&#8221;#f07d00&#8243; divider_weight=&#8221;3px&#8221; _builder_version=&#8221;3.26.3&#8243;]<\/p>\n<p>[\/et_pb_divider][et_pb_text admin_label=&#8221;Przyk\u0142adowy tekst&#8221; _builder_version=&#8221;3.27.4&#8243; text_font=&#8221;Lato|300|||||||&#8221; text_font_size=&#8221;1.5em&#8221; text_line_height=&#8221;1.5em&#8221; text_orientation=&#8221;justify&#8221; text_text_align=&#8221;justify&#8221;]<\/p>\n<p>Tykocin jest najstarszym miastem historycznego Podlasia pe\u0142nym zabytk\u00f3w, wspania\u0142ych tradycji i otoczonym pi\u0119kn\u0105 przyrod\u0105. Jest r\u00f3wnie\u017c miastem pe\u0142nym pozytywnej dynamiki w rozwoju. Tykocin to destynacja turystyczna dla ponad 100.000 os\u00f3b rocznie z dalsz\u0105 tendencj\u0105 wzrostow\u0105. Rozw\u00f3j gastronomii, us\u0142ug turystycznych, handlowych, przewozowych i rozrywkowych jest wpisany w strategi\u0119 samorz\u0105du. Podobnie poszukiwanie inwestor\u00f3w i wspieranie rozwoju ju\u017c istniej\u0105cych przedsi\u0119biorstw poprzez m\u0105dre dzia\u0142ania na rzecz infrastruktury czy doskonalenia kompetencji mieszka\u0144c\u00f3w.<\/p>\n<p>&nbsp;<\/p>\n<p>Gmina Tykocin jest po\u0142o\u017cona w sercu Podlasia, wzd\u0142u\u017c trasy S8 oraz drogi krajowej 64 (Bia\u0142ystok-\u0141om\u017ca). Obszar wzd\u0142u\u017c istniej\u0105cych obu dr\u00f3g i w bliskim s\u0105siedztwie Via Carpatia staje si\u0119 centrum logistycznym Podlasia. Sprawna administracja, przyjazne traktowanie inwestor\u00f3w, pogodne s\u0105siedztwo sprzyja budowie nowych obiekt\u00f3w, w tym r\u00f3wnie\u017c wysokorozwini\u0119tego przemys\u0142u szanuj\u0105cego lokalne bogactwo historyczne i\u00a0przyrodnicze.<\/p>\n<p>&nbsp;<\/p>\n<p>Blisko\u015b\u0107 Bia\u0142egostoku i dogodny dojazd do Warszawy s\u0105 ogromnymi atutami gminy. Kapita\u0142 spo\u0142eczny, otwarto\u015b\u0107 i zaanga\u017cowanie tykocinian s\u0105 znakomitymi czynnikami, kt\u00f3re pomog\u0105 rozwin\u0105\u0107 Twoj\u0105 firm\u0119.<\/p>\n<p>&nbsp;<\/p>\n<p>Zapraszamy do odwiedzenia Tykocina, do kontaktu i zainwestowania w sercu Podlasia, w\u00a0Tykocinie! To wyj\u0105tkowe miasto i gmina, bogata histori\u0105, spo\u0142eczno\u015bci\u0105, ofert\u0105 turystyczn\u0105 i znakomitym po\u0142o\u017ceniem.<\/p>\n<p>[\/et_pb_text][et_pb_divider color=&#8221;#f07d00&#8243; divider_weight=&#8221;3px&#8221; _builder_version=&#8221;3.26.1&#8243;]<\/p>\n<p>[\/et_pb_divider][\/et_pb_column][et_pb_column type=&#8221;1_3&#8243; _builder_version=&#8221;3.25.2&#8243;][et_pb_code _builder_version=&#8221;3.26.3&#8243; link_option_url=&#8221;https:\/\/www.facebook.com\/watch\/?v=521125225307221&#8243;][\/et_pb_code][et_pb_gallery gallery_ids=&#8221;330&#8243; show_title_and_caption=&#8221;off&#8221; _builder_version=&#8221;3.26.3&#8243;][\/et_pb_gallery][et_pb_accordion _builder_version=&#8221;4.0.9&#8243;][\/et_pb_accordion][\/et_pb_column][\/et_pb_row][\/et_pb_section][et_pb_section fb_built=&#8221;1&#8243; admin_label=&#8221;Log\u00f3wki partnerzy&#8221; module_class=&#8221;high-contrast&#8221; _builder_version=&#8221;3.26.1&#8243; custom_padding=&#8221;0px|||||&#8221; collapsed=&#8221;off&#8221;][et_pb_row _builder_version=&#8221;3.25.2&#8243; width=&#8221;100%&#8221;][et_pb_column type=&#8221;4_4&#8243; _builder_version=&#8221;3.25.2&#8243;][et_pb_code _builder_version=&#8221;3.25.2&#8243;]\n\t\t<style>\n\t\t\t#wpls-logo-showcase-slider-1 .wpls-fix-box,\n\t\t\t#wpls-logo-showcase-slider-1 .wpls-fix-box img.wp-post-image{max-height:250px; }\n\t\t<\/style>\n\n\t\t<div class=\"wpls-wrap wpls-logo-showcase-slider-wrp wpls-logo-clearfix wpls-design-1 \" data-conf=\"{&quot;slides_column&quot;:&quot;4&quot;,&quot;slides_scroll&quot;:1,&quot;dots&quot;:&quot;false&quot;,&quot;arrows&quot;:&quot;false&quot;,&quot;autoplay&quot;:&quot;true&quot;,&quot;autoplay_interval&quot;:&quot;2000&quot;,&quot;loop&quot;:&quot;true&quot;,&quot;rtl&quot;:&quot;false&quot;,&quot;speed&quot;:800,&quot;center_mode&quot;:&quot;false&quot;,&quot;lazyload&quot;:&quot;&quot;}\">\n\t\t\t<div class=\"wpls-logo-showcase logo_showcase wpls-logo-slider  sliderimage_hide_border wpls-dots-false\" id=\"wpls-logo-showcase-slider-1\" >\n\t\t\t\t<div class=\"wpls-logo-cnt\">\n\t<div class=\"wpls-fix-box\">\n\t\t\t\t<a href=\"https:\/\/www.bialystok.uw.gov.pl\/Wojewoda\" target=\"_self\">\n\t\t\t<img decoding=\"async\" class=\"wp-post-image\"  src=\"http:\/\/umtykocin.pl\/inwestor\/wp-content\/uploads\/sites\/5\/2019\/06\/logo_wojewoda_podlaski.jpg\" alt=\"Grafika przedstawia zielon\u0105 kresk\u0119 oraz br\u0105zowego \u017cubra\" \/>\n\t\t<\/a>\n\t\t\t<\/div>\n\t<\/div><div class=\"wpls-logo-cnt\">\n\t<div class=\"wpls-fix-box\">\n\t\t\t\t<a href=\"http:\/\/www.powiatbialostocki.pl\/\" target=\"_self\">\n\t\t\t<img decoding=\"async\" class=\"wp-post-image\"  src=\"http:\/\/umtykocin.pl\/inwestor\/wp-content\/uploads\/sites\/5\/2019\/06\/logo_powiat_bialostocki.jpg\" alt=\"Grafika god\u0142o w kolorze czerwonym i pomara\u0144czowym. Na czerwonym tle widnieje bia\u0142y orze\u0142. Na pomara\u0144czowym tle widzimy \u0142osia\" \/>\n\t\t<\/a>\n\t\t\t<\/div>\n\t<\/div><div class=\"wpls-logo-cnt\">\n\t<div class=\"wpls-fix-box\">\n\t\t\t\t<a href=\"https:\/\/www.facebook.com\/wojpodlaskie\/\" target=\"_self\">\n\t\t\t<img decoding=\"async\" class=\"wp-post-image\"  src=\"http:\/\/umtykocin.pl\/inwestor\/wp-content\/uploads\/sites\/5\/2019\/06\/logo_wrota_podlasia.jpg\" alt=\"Grafika przedstawia napis Wrota Podlasia oraz \u017cubra wykonanego z r\u00f3\u017cnokolorowych pikseli.\" \/>\n\t\t<\/a>\n\t\t\t<\/div>\n\t<\/div><div class=\"wpls-logo-cnt\">\n\t<div class=\"wpls-fix-box\">\n\t\t\t\t<a href=\"http:\/\/greenvelo.pl\/\" target=\"_self\">\n\t\t\t<img decoding=\"async\" class=\"wp-post-image\"  src=\"http:\/\/umtykocin.pl\/inwestor\/wp-content\/uploads\/sites\/5\/2019\/06\/logo_green_velo.jpg\" alt=\"Grafika przedstawia logo Green Velo. Logo sk\u0142ada si\u0119 z napisu Green Velo oraz \u0142a\u0144cucha rowerowego w r\u00f3\u017cnych kolorach\" \/>\n\t\t<\/a>\n\t\t\t<\/div>\n\t<\/div><div class=\"wpls-logo-cnt\">\n\t<div class=\"wpls-fix-box\">\n\t\t\t\t<a href=\"https:\/\/epuap.gov.pl\/\" target=\"_self\">\n\t\t\t<img decoding=\"async\" class=\"wp-post-image\"  src=\"http:\/\/umtykocin.pl\/inwestor\/wp-content\/uploads\/sites\/5\/2019\/06\/logo_epuap.jpg\" alt=\"Grafika przedstawia niebieski napis ePUAP\" \/>\n\t\t<\/a>\n\t\t\t<\/div>\n\t<\/div><div class=\"wpls-logo-cnt\">\n\t<div class=\"wpls-fix-box\">\n\t\t\t\t<img decoding=\"async\" class=\"wp-post-image\"  src=\"http:\/\/umtykocin.pl\/inwestor\/wp-content\/uploads\/sites\/5\/2019\/06\/logo_burmistrz_tykocina.jpg\" alt=\"Grafika przedstawia napis Burmistrz Tykocina oraz podobizn\u0119 byka.\" \/>\n\t\t\t<\/div>\n\t<\/div>\t\t\t<\/div>\n\t\t<\/div>\n\n\t\t[\/et_pb_code][\/et_pb_column][\/et_pb_row][\/et_pb_section]<\/p>\n","protected":false},"excerpt":{"rendered":"<p>[et_pb_section fb_built=&#8221;1&#8243; admin_label=&#8221;Pierwszy baner&#8221; module_class=&#8221;high-contrast&#8221; _builder_version=&#8221;3.26.1&#8243; custom_margin=&#8221;|||&#8221; custom_padding=&#8221;0px|0px||0px||&#8221; collapsed=&#8221;off&#8221;][et_pb_row _builder_version=&#8221;3.25.2&#8243; width=&#8221;100%&#8221; module_alignment=&#8221;center&#8221; custom_margin=&#8221;|0px||0px&#8221;][et_pb_column type=&#8221;4_4&#8243; _builder_version=&#8221;3.25.2&#8243; custom_padding=&#8221;0px|0px|0px|0px&#8221;][et_pb_slider show_arrows=&#8221;off&#8221; use_bg_overlay=&#8221;off&#8221; use_text_overlay=&#8221;off&#8221; dot_nav_custom_color=&#8221;#ae4682&#8243; admin_label=&#8221;Banery&#8221; _builder_version=&#8221;3.26.3&#8243; height=&#8221;250px&#8221; custom_margin=&#8221;|0px||0px&#8221; auto=&#8221;on&#8221;][et_pb_slide button_link=&#8221;http:\/\/google.com&#8221; url_new_window=&#8221;on&#8221; admin_title=&#8221;Baner auta&#8221; _builder_version=&#8221;3.26.3&#8243; header_font=&#8221;||||||||&#8221; header_font_size=&#8221;30px&#8221; background_image=&#8221;http:\/\/umtykocin.pl\/inwestor\/wp-content\/uploads\/sites\/5\/2019\/07\/Biznes-2.jpg&#8221; background_enable_image=&#8221;on&#8221; custom_padding=&#8221;125px||&#8221; link_option_url=&#8221;http:\/\/google.com&#8221;][\/et_pb_slide][\/et_pb_slider][\/et_pb_column][\/et_pb_row][\/et_pb_section][et_pb_section fb_built=&#8221;1&#8243; admin_label=&#8221;Sekcja g\u0142\u00f3wna&#8221; module_class=&#8221;high-contrast&#8221; _builder_version=&#8221;3.26.3&#8243; custom_margin=&#8221;-141px|||||&#8221; collapsed=&#8221;off&#8221;][et_pb_row column_structure=&#8221;2_3,1_3&#8243; _builder_version=&#8221;3.26.3&#8243; min_height=&#8221;1079px&#8221; custom_padding=&#8221;27px|||||&#8221;][et_pb_column type=&#8221;2_3&#8243; _builder_version=&#8221;3.25.3&#8243;][et_pb_text admin_label=&#8221;Przyk\u0142adowy nag\u0142\u00f3wek&#8221; _builder_version=&#8221;3.27.4&#8243; text_font=&#8221;Lato||||||||&#8221; text_font_size=&#8221;1.6em&#8221; text_line_height=&#8221;1.6em&#8221; [&hellip;]<\/p>\n","protected":false},"author":1,"featured_media":0,"parent":0,"menu_order":0,"comment_status":"closed","ping_status":"closed","template":"","meta":{"_et_pb_use_builder":"on","_et_pb_old_content":"","_et_gb_content_width":"","cybocfi_hide_featured_image":"","footnotes":""},"class_list":["post-15","page","type-page","status-publish","hentry"],"_links":{"self":[{"href":"http:\/\/umtykocin.pl\/inwestor\/wp-json\/wp\/v2\/pages\/15","targetHints":{"allow":["GET"]}}],"collection":[{"href":"http:\/\/umtykocin.pl\/inwestor\/wp-json\/wp\/v2\/pages"}],"about":[{"href":"http:\/\/umtykocin.pl\/inwestor\/wp-json\/wp\/v2\/types\/page"}],"author":[{"embeddable":true,"href":"http:\/\/umtykocin.pl\/inwestor\/wp-json\/wp\/v2\/users\/1"}],"replies":[{"embeddable":true,"href":"http:\/\/umtykocin.pl\/inwestor\/wp-json\/wp\/v2\/comments?post=15"}],"version-history":[{"count":50,"href":"http:\/\/umtykocin.pl\/inwestor\/wp-json\/wp\/v2\/pages\/15\/revisions"}],"predecessor-version":[{"id":364,"href":"http:\/\/umtykocin.pl\/inwestor\/wp-json\/wp\/v2\/pages\/15\/revisions\/364"}],"wp:attachment":[{"href":"http:\/\/umtykocin.pl\/inwestor\/wp-json\/wp\/v2\/media?parent=15"}],"curies":[{"name":"wp","href":"https:\/\/api.w.org\/{rel}","templated":true}]}}