{"id":1185,"date":"2019-07-19T09:13:44","date_gmt":"2019-07-19T07:13:44","guid":{"rendered":"http:\/\/umtykocin.pl\/mieszkaniec\/?page_id=1185"},"modified":"2020-12-29T09:19:36","modified_gmt":"2020-12-29T08:19:36","slug":"villages","status":"publish","type":"page","link":"http:\/\/umtykocin.pl\/mieszkaniec\/en\/villages\/","title":{"rendered":"Villages"},"content":{"rendered":"<p>[et_pb_section fb_built=&#8221;1&#8243; admin_label=&#8221;Pierwszy baner&#8221; module_class=&#8221;high-contrast&#8221; _builder_version=&#8221;4.3.4&#8243; custom_margin=&#8221;|||&#8221; custom_padding=&#8221;0px|0px||0px||&#8221; global_module=&#8221;1295&#8243; collapsed=&#8221;off&#8221;][et_pb_row _builder_version=&#8221;3.25.2&#8243; width=&#8221;100%&#8221; module_alignment=&#8221;center&#8221; custom_margin=&#8221;|0px||0px&#8221; collapsed=&#8221;off&#8221;][et_pb_column type=&#8221;4_4&#8243; _builder_version=&#8221;3.25.2&#8243; custom_padding=&#8221;0px|0px|0px|0px&#8221;][et_pb_gallery gallery_ids=&#8221;1384,1383,1385,1379,2124,2123,2122,2121,2120,2119,2118,2125,2127,2117,2116,2110&#8243; gallery_orderby=&#8221;rand&#8221; fullwidth=&#8221;on&#8221; _builder_version=&#8221;4.5.3&#8243; module_alignment=&#8221;center&#8221; height_tablet=&#8221;&#8221; height_phone=&#8221;&#8221; height_last_edited=&#8221;on|desktop&#8221; max_height=&#8221;500px&#8221;][\/et_pb_gallery][\/et_pb_column][\/et_pb_row][\/et_pb_section][et_pb_section fb_built=&#8221;1&#8243; admin_label=&#8221;Sekcja g\u0142\u00f3wna&#8221; module_class=&#8221;high-contrast&#8221; _builder_version=&#8221;3.26.1&#8243; collapsed=&#8221;off&#8221;][et_pb_row column_structure=&#8221;2_3,1_3&#8243; _builder_version=&#8221;3.25.3&#8243;][et_pb_column type=&#8221;2_3&#8243; _builder_version=&#8221;3.25.3&#8243;][et_pb_text admin_label=&#8221;Przyk\u0142adowy nag\u0142\u00f3wek&#8221; _builder_version=&#8221;4.5.3&#8243; text_font=&#8221;Lato||||||||&#8221; text_font_size=&#8221;1.6em&#8221; text_line_height=&#8221;1.6em&#8221; header_font=&#8221;||||||||&#8221; hover_enabled=&#8221;0&#8243;]<\/p>\n<p style=\"text-align: center;\"><strong>List of village leaders on the terrain of Tykocin&#8217;s commune, 8th cadence<br \/><\/strong><\/p>\n<p>[\/et_pb_text][et_pb_divider color=&#8221;#ae4682&#8243; divider_weight=&#8221;3px&#8221; _builder_version=&#8221;3.25.2&#8243;][\/et_pb_divider][et_pb_text admin_label=&#8221;Przyk\u0142adowy tekst&#8221; _builder_version=&#8221;4.5.3&#8243; text_font=&#8221;Lato|300|||||||&#8221; text_font_size=&#8221;1.5em&#8221; text_line_height=&#8221;3em&#8221; text_orientation=&#8221;justify&#8221; hover_enabled=&#8221;0&#8243; text_text_align=&#8221;justify&#8221;]<\/p>\n<table width=\"536\" cellspacing=\"1\" cellpadding=\"4\">\n<tbody>\n<tr valign=\"top\">\n<td>\n<p align=\"center\"><strong>No.<\/strong><\/p>\n<\/td>\n<td>\n<p align=\"center\"><strong>Name and Surname<br \/><\/strong><\/p>\n<\/td>\n<td>\n<p align=\"center\"><strong>Place of residence<\/strong><\/p>\n<\/td>\n<\/tr>\n<tr valign=\"top\">\n<td>\n<ol>\n<li>\u00a0<\/li>\n<\/ol>\n<\/td>\n<td>\n<p align=\"left\"><strong>Lenczewski Jan<\/strong><\/p>\n<\/td>\n<td>\n<p align=\"left\"><strong>Bagienki<\/strong><\/p>\n<\/td>\n<\/tr>\n<tr valign=\"top\">\n<td>\n<ol start=\"2\">\n<li>\u00a0<\/li>\n<\/ol>\n<\/td>\n<td>\n<p align=\"left\"><strong>Nartowicz Edward<\/strong><\/p>\n<\/td>\n<td>\n<p align=\"left\"><strong>Broniszewo<\/strong><\/p>\n<\/td>\n<\/tr>\n<tr valign=\"top\">\n<td>\n<ol start=\"3\">\n<li>\u00a0<\/li>\n<\/ol>\n<\/td>\n<td>\n<p align=\"left\"><strong>Kulesza Bo\u017cena<\/strong><\/p>\n<\/td>\n<td>\n<p align=\"left\"><strong>Dobki<\/strong><\/p>\n<\/td>\n<\/tr>\n<tr valign=\"top\">\n<td>\n<ol start=\"4\">\n<li>\u00a0<\/li>\n<\/ol>\n<\/td>\n<td>\n<p align=\"left\"><strong>Cio\u0142ko Artur<\/strong><\/p>\n<\/td>\n<td>\n<p align=\"left\"><strong>Hermany<\/strong><\/p>\n<\/td>\n<\/tr>\n<tr valign=\"top\">\n<td>\n<ol start=\"5\">\n<li>\u00a0<\/li>\n<\/ol>\n<\/td>\n<td>\n<p align=\"left\"><strong>Gogolewski Karol<\/strong><\/p>\n<\/td>\n<td>\n<p align=\"left\"><strong>Je\u017cewo Nowe<\/strong><\/p>\n<\/td>\n<\/tr>\n<tr valign=\"top\">\n<td>\n<ol start=\"6\">\n<li>\u00a0<\/li>\n<\/ol>\n<\/td>\n<td>\n<p align=\"left\"><strong>Zbigniew Michalski<\/strong><\/p>\n<\/td>\n<td>\n<p align=\"left\"><strong>Je\u017cewo Stare<\/strong><\/p>\n<\/td>\n<\/tr>\n<tr valign=\"top\">\n<td>\n<ol start=\"7\">\n<li>\u00a0<\/li>\n<\/ol>\n<\/td>\n<td>\n<p align=\"left\"><strong>Nieciecka Agnieszka<\/strong><\/p>\n<\/td>\n<td>\n<p align=\"left\"><strong>Kapice Lipniki<\/strong><\/p>\n<\/td>\n<\/tr>\n<tr valign=\"top\">\n<td>\n<ol start=\"8\">\n<li>\u00a0<\/li>\n<\/ol>\n<\/td>\n<td>\n<p align=\"left\"><strong>\u017burkowska Ewa<\/strong><\/p>\n<\/td>\n<td>\n<p align=\"left\"><strong>Kapice Stare<\/strong><\/p>\n<\/td>\n<\/tr>\n<tr valign=\"top\">\n<td>\n<ol start=\"9\">\n<li>\u00a0<\/li>\n<\/ol>\n<\/td>\n<td>\n<p align=\"left\"><strong>Rutkowski Karol<\/strong><\/p>\n<\/td>\n<td>\n<p align=\"left\"><strong>Ki\u015blaki<\/strong><\/p>\n<\/td>\n<\/tr>\n<tr valign=\"top\">\n<td>\n<ol start=\"10\">\n<li>\u00a0<\/li>\n<\/ol>\n<\/td>\n<td>\n<p align=\"left\"><strong>Rutkowski Wies\u0142aw <\/strong><\/p>\n<\/td>\n<td>\n<p align=\"left\"><strong>Krosno<\/strong><\/p>\n<\/td>\n<\/tr>\n<tr valign=\"top\">\n<td>\n<ol start=\"11\">\n<li>\u00a0<\/li>\n<\/ol>\n<\/td>\n<td>\n<p align=\"left\"><strong>Nartowicz Ma\u0142gorzata<\/strong><\/p>\n<\/td>\n<td>\n<p align=\"left\"><strong>Le\u015bniki<\/strong><\/p>\n<\/td>\n<\/tr>\n<tr valign=\"top\">\n<td>\n<ol start=\"12\">\n<li>\u00a0<\/li>\n<\/ol>\n<\/td>\n<td>\n<p align=\"left\"><strong>Rafa\u0142ko Cezary<\/strong><\/p>\n<\/td>\n<td>\n<p align=\"left\"><strong>Lipniki<\/strong><\/p>\n<\/td>\n<\/tr>\n<tr valign=\"top\">\n<td>\n<ol start=\"13\">\n<li>\u00a0<\/li>\n<\/ol>\n<\/td>\n<td>\n<p align=\"left\"><strong>Gr\u0105dzki J\u00f3zef<\/strong><\/p>\n<\/td>\n<td>\n<p align=\"left\"><strong>\u0141aziuki<\/strong><\/p>\n<\/td>\n<\/tr>\n<tr valign=\"top\">\n<td>\n<ol start=\"14\">\n<li>\u00a0<\/li>\n<\/ol>\n<\/td>\n<td>\n<p align=\"left\"><strong>Malinowski Wies\u0142aw<\/strong><\/p>\n<\/td>\n<td>\n<p align=\"left\"><strong>\u0141azy Ma\u0142e<\/strong><\/p>\n<\/td>\n<\/tr>\n<tr valign=\"top\">\n<td>\n<ol start=\"15\">\n<li>\u00a0<\/li>\n<\/ol>\n<\/td>\n<td>\n<p align=\"left\"><strong>Oku\u0142a Agnieszka<\/strong><\/p>\n<\/td>\n<td>\n<p align=\"left\"><strong>\u0141opuchowo<\/strong><\/p>\n<\/td>\n<\/tr>\n<tr valign=\"top\">\n<td>\n<ol start=\"16\">\n<li>\u00a0<\/li>\n<\/ol>\n<\/td>\n<td>\n<p align=\"left\"><strong>Grabowska Maryla<\/strong><\/p>\n<\/td>\n<td>\n<p align=\"left\"><strong>Nieciece<\/strong><\/p>\n<\/td>\n<\/tr>\n<tr valign=\"top\">\n<td>\n<ol start=\"17\">\n<li>\u00a0<\/li>\n<\/ol>\n<\/td>\n<td>\n<p align=\"left\"><strong>Nartowicz Tomasz<\/strong><\/p>\n<\/td>\n<td>\n<p align=\"left\"><strong>Pajewo<\/strong><\/p>\n<\/td>\n<\/tr>\n<tr valign=\"top\">\n<td>\n<ol start=\"18\">\n<li>\u00a0<\/li>\n<\/ol>\n<\/td>\n<td>\n<p align=\"left\"><strong>Szarkowska Alicja<\/strong><\/p>\n<\/td>\n<td>\n<p align=\"left\"><strong>Piaski<\/strong><\/p>\n<\/td>\n<\/tr>\n<tr valign=\"top\">\n<td>\n<ol start=\"19\">\n<li>\u00a0<\/li>\n<\/ol>\n<\/td>\n<td>\n<p align=\"left\"><strong>Dziurd\u017a Krzysztof<\/strong><\/p>\n<\/td>\n<td>\n<p align=\"left\"><strong>Popowlany<\/strong><\/p>\n<\/td>\n<\/tr>\n<tr valign=\"top\">\n<td>\n<ol start=\"20\">\n<li>\u00a0<\/li>\n<\/ol>\n<\/td>\n<td>\n<p align=\"left\"><strong>Hrynaszewski Marian<\/strong><\/p>\n<\/td>\n<td>\n<p align=\"left\"><strong>Radule<\/strong><\/p>\n<\/td>\n<\/tr>\n<tr valign=\"top\">\n<td>\n<ol start=\"21\">\n<li>\u00a0<\/li>\n<\/ol>\n<\/td>\n<td>\n<p align=\"left\"><strong>Rz\u0119dzian \u0141ukasz<\/strong><\/p>\n<\/td>\n<td>\n<p align=\"left\"><strong>Rz\u0119dziany<\/strong><\/p>\n<\/td>\n<\/tr>\n<tr valign=\"top\">\n<td>\n<ol start=\"22\">\n<li>\u00a0<\/li>\n<\/ol>\n<\/td>\n<td>\n<p align=\"left\"><strong>Backiel Romuald<\/strong><\/p>\n<\/td>\n<td>\n<p align=\"left\"><strong>Saniki<\/strong><\/p>\n<\/td>\n<\/tr>\n<tr valign=\"top\">\n<td>\n<ol start=\"23\">\n<li>\u00a0<\/li>\n<\/ol>\n<\/td>\n<td>\n<p align=\"left\"><strong>Sakowicz Jadwiga<\/strong><\/p>\n<\/td>\n<td>\n<p align=\"left\"><strong>Sawino<\/strong><\/p>\n<\/td>\n<\/tr>\n<tr valign=\"top\">\n<td>\n<ol start=\"24\">\n<li>\u00a0<\/li>\n<\/ol>\n<\/td>\n<td>\n<p align=\"left\"><strong>Polak El\u017cbieta<\/strong><\/p>\n<\/td>\n<td>\n<p align=\"left\"><strong>Siekierki<\/strong><\/p>\n<\/td>\n<\/tr>\n<tr valign=\"top\">\n<td>\n<ol start=\"25\">\n<li>\u00a0<\/li>\n<\/ol>\n<\/td>\n<td>\n<p align=\"left\"><strong>Malinowska Mariola<\/strong><\/p>\n<\/td>\n<td>\n<p align=\"left\"><strong>Sierki<\/strong><\/p>\n<\/td>\n<\/tr>\n<tr valign=\"top\">\n<td>\n<ol start=\"26\">\n<li>\u00a0<\/li>\n<\/ol>\n<\/td>\n<td>\n<p align=\"left\"><strong>Biedrzycki Wojciech<\/strong><\/p>\n<\/td>\n<td>\n<p align=\"left\"><strong>S\u0142omianka<\/strong><\/p>\n<\/td>\n<\/tr>\n<tr valign=\"top\">\n<td>\n<ol start=\"27\">\n<li>\u00a0<\/li>\n<\/ol>\n<\/td>\n<td>\n<p align=\"left\"><strong>Mossakowska Aneta<\/strong><\/p>\n<\/td>\n<td>\n<p align=\"left\"><strong>Stelmachowo<\/strong><\/p>\n<\/td>\n<\/tr>\n<tr valign=\"top\">\n<td>\n<ol start=\"28\">\n<li>\u00a0<\/li>\n<\/ol>\n<\/td>\n<td>\n<p align=\"left\"><strong>Rutkowska Wioletta<\/strong><\/p>\n<\/td>\n<td>\n<p align=\"left\"><strong>Stelmachowo Kolonia<\/strong><\/p>\n<\/td>\n<\/tr>\n<tr valign=\"top\">\n<td>\n<ol start=\"29\">\n<li>\u00a0<\/li>\n<\/ol>\n<\/td>\n<td>\n<p align=\"left\"><strong>Rutkowski Grzegorz<\/strong><\/p>\n<\/td>\n<td>\n<p align=\"left\"><strong>Szafranki<\/strong><\/p>\n<\/td>\n<\/tr>\n<tr valign=\"top\">\n<td>\n<ol start=\"30\">\n<li>\u00a0<\/li>\n<\/ol>\n<\/td>\n<td>\n<p align=\"left\"><strong>Kmita Wojciech<\/strong><\/p>\n<\/td>\n<td>\n<p align=\"left\"><strong>Tatary<\/strong><\/p>\n<\/td>\n<\/tr>\n<tr valign=\"top\">\n<td>\n<ol start=\"31\">\n<li>\u00a0<\/li>\n<\/ol>\n<\/td>\n<td>\n<p align=\"left\"><strong>Cio\u0142ko Jan<\/strong><\/p>\n<\/td>\n<td>\n<p align=\"left\"><strong>Tykocin Kaczorowo<\/strong><\/p>\n<\/td>\n<\/tr>\n<tr valign=\"top\">\n<td>\n<ol start=\"32\">\n<li>\u00a0<\/li>\n<\/ol>\n<\/td>\n<td>\n<p align=\"left\"><strong>W\u0105do\u0142owska Barbara<\/strong><\/p>\n<\/td>\n<td>\n<p align=\"left\"><strong>Tykocin Nowe Miasto<\/strong><\/p>\n<\/td>\n<\/tr>\n<tr valign=\"top\">\n<td>\n<ol start=\"33\">\n<li>\u00a0<\/li>\n<\/ol>\n<\/td>\n<td>\n<p align=\"left\"><strong>Kapica Jerzy<\/strong><\/p>\n<\/td>\n<td>\n<p align=\"left\"><strong>Tykocin Kolonia<\/strong><\/p>\n<\/td>\n<\/tr>\n<tr valign=\"top\">\n<td>\n<ol start=\"34\">\n<li>\u00a0<\/li>\n<\/ol>\n<\/td>\n<td>\n<p align=\"left\"><strong>Cimoch Miros\u0142aw<\/strong><\/p>\n<\/td>\n<td>\n<p align=\"left\"><strong>\u017buki<\/strong><\/p>\n<\/td>\n<\/tr>\n<\/tbody>\n<\/table>\n<p>&nbsp;<\/p>\n<p>[\/et_pb_text][et_pb_divider color=&#8221;#ae4682&#8243; divider_weight=&#8221;3px&#8221; _builder_version=&#8221;3.25.2&#8243;][\/et_pb_divider][\/et_pb_column][et_pb_column type=&#8221;1_3&#8243; _builder_version=&#8221;3.25.2&#8243;][et_pb_sidebar orientation=&#8221;right&#8221; show_border=&#8221;off&#8221; _builder_version=&#8221;3.25.3&#8243; header_font=&#8221;|700|||||||&#8221; header_font_size=&#8221;1.4em&#8221; text_orientation=&#8221;left&#8221;][\/et_pb_sidebar][\/et_pb_column][\/et_pb_row][\/et_pb_section][et_pb_section fb_built=&#8221;1&#8243; admin_label=&#8221;Log\u00f3wki partnerzy&#8221; module_class=&#8221;high-contrast&#8221; _builder_version=&#8221;3.26.1&#8243; custom_padding=&#8221;0px|||||&#8221; collapsed=&#8221;on&#8221;][et_pb_row _builder_version=&#8221;3.25.2&#8243; width=&#8221;100%&#8221;][et_pb_column type=&#8221;4_4&#8243; _builder_version=&#8221;3.25.2&#8243;][et_pb_code _builder_version=&#8221;3.25.2&#8243;]\n\t\t<style>\n\t\t\t#wpls-logo-showcase-slider-1 .wpls-fix-box,\n\t\t\t#wpls-logo-showcase-slider-1 .wpls-fix-box img.wp-post-image{max-height:250px; }\n\t\t<\/style>\n\n\t\t<div class=\"wpls-wrap wpls-logo-showcase-slider-wrp wpls-logo-clearfix wpls-design-1 \" data-conf=\"{&quot;slides_column&quot;:&quot;4&quot;,&quot;slides_scroll&quot;:1,&quot;dots&quot;:&quot;false&quot;,&quot;arrows&quot;:&quot;false&quot;,&quot;autoplay&quot;:&quot;true&quot;,&quot;autoplay_interval&quot;:&quot;2000&quot;,&quot;loop&quot;:&quot;true&quot;,&quot;rtl&quot;:&quot;false&quot;,&quot;speed&quot;:800,&quot;center_mode&quot;:&quot;false&quot;,&quot;lazyload&quot;:&quot;&quot;}\">\n\t\t\t<div class=\"wpls-logo-showcase logo_showcase wpls-logo-slider  sliderimage_hide_border wpls-dots-false\" id=\"wpls-logo-showcase-slider-1\" >\n\t\t\t\t<div class=\"wpls-logo-cnt\">\n\t<div class=\"wpls-fix-box\">\n\t\t\t\t<a href=\"https:\/\/www.bialystok.uw.gov.pl\/Wojewoda\" target=\"_self\">\n\t\t\t<img decoding=\"async\" class=\"wp-post-image\"  src=\"http:\/\/umtykocin.pl\/mieszkaniec\/wp-content\/uploads\/sites\/4\/2019\/06\/logo_wojewoda_podlaski.jpg\" alt=\"\" \/>\n\t\t<\/a>\n\t\t\t<\/div>\n\t<\/div><div class=\"wpls-logo-cnt\">\n\t<div class=\"wpls-fix-box\">\n\t\t\t\t<a href=\"http:\/\/www.powiatbialostocki.pl\/\" target=\"_self\">\n\t\t\t<img decoding=\"async\" class=\"wp-post-image\"  src=\"http:\/\/umtykocin.pl\/mieszkaniec\/wp-content\/uploads\/sites\/4\/2019\/06\/logo_powiat_bialostocki.jpg\" alt=\"\" \/>\n\t\t<\/a>\n\t\t\t<\/div>\n\t<\/div><div class=\"wpls-logo-cnt\">\n\t<div class=\"wpls-fix-box\">\n\t\t\t\t<a href=\"https:\/\/www.facebook.com\/wojpodlaskie\/\" target=\"_self\">\n\t\t\t<img decoding=\"async\" class=\"wp-post-image\"  src=\"http:\/\/umtykocin.pl\/mieszkaniec\/wp-content\/uploads\/sites\/4\/2019\/06\/logo_wrota_podlasia.jpg\" alt=\"\" \/>\n\t\t<\/a>\n\t\t\t<\/div>\n\t<\/div><div class=\"wpls-logo-cnt\">\n\t<div class=\"wpls-fix-box\">\n\t\t\t\t<a href=\"http:\/\/greenvelo.pl\/\" target=\"_self\">\n\t\t\t<img decoding=\"async\" class=\"wp-post-image\"  src=\"http:\/\/umtykocin.pl\/mieszkaniec\/wp-content\/uploads\/sites\/4\/2019\/06\/logo_green_velo.jpg\" alt=\"\" \/>\n\t\t<\/a>\n\t\t\t<\/div>\n\t<\/div><div class=\"wpls-logo-cnt\">\n\t<div class=\"wpls-fix-box\">\n\t\t\t\t<a href=\"https:\/\/epuap.gov.pl\/\" target=\"_self\">\n\t\t\t<img decoding=\"async\" class=\"wp-post-image\"  src=\"http:\/\/umtykocin.pl\/mieszkaniec\/wp-content\/uploads\/sites\/4\/2019\/06\/logo_epuap.jpg\" alt=\"\" \/>\n\t\t<\/a>\n\t\t\t<\/div>\n\t<\/div><div class=\"wpls-logo-cnt\">\n\t<div class=\"wpls-fix-box\">\n\t\t\t\t<img decoding=\"async\" class=\"wp-post-image\"  src=\"http:\/\/umtykocin.pl\/mieszkaniec\/wp-content\/uploads\/sites\/4\/2019\/06\/logo_burmistrz_tykocina.jpg\" alt=\"\" \/>\n\t\t\t<\/div>\n\t<\/div><div class=\"wpls-logo-cnt\">\n\t<div class=\"wpls-fix-box\">\n\t\t\t\t<a href=\"http:\/\/bip.um.tykocin.wrotapodlasia.pl\/\" target=\"_self\">\n\t\t\t<img decoding=\"async\" class=\"wp-post-image\"  src=\"http:\/\/umtykocin.pl\/mieszkaniec\/wp-content\/uploads\/sites\/4\/2020\/06\/Herb-1024x645-1.jpg\" alt=\"\" \/>\n\t\t<\/a>\n\t\t\t<\/div>\n\t<\/div><div class=\"wpls-logo-cnt\">\n\t<div class=\"wpls-fix-box\">\n\t\t\t\t<a href=\"http:\/\/umtykocin.pl\/mieszkaniec\/urzad-miejski\/interreg\/\" target=\"_self\">\n\t\t\t<img decoding=\"async\" class=\"wp-post-image\"  src=\"http:\/\/umtykocin.pl\/mieszkaniec\/wp-content\/uploads\/sites\/4\/2020\/07\/interreg_1.jpg\" alt=\"\" \/>\n\t\t<\/a>\n\t\t\t<\/div>\n\t<\/div><div class=\"wpls-logo-cnt\">\n\t<div class=\"wpls-fix-box\">\n\t\t\t\t<a href=\"https:\/\/www.podlaskie.kas.gov.pl\/izba-administracji-skarbowej-w-bialymstoku\/wiadomosci\/aktualnosci\/-\/asset_publisher\/JS3r\/content\/zalatwiaj-swoje-sprawy-przez-e-urzad-skarbowy-a-wizyte-w-urzedzie-umawiaj-na-podatki-gov-pl?redirect=https%3A%2F%2Fwww.podlaskie.kas.gov.pl%2Fizba-administracji-skarbowej-w-bialymstoku%2Fwiadomosci%2Faktualnosci%3Fp_p_id%3D101_INSTANCE_JS3r%26p_p_lifecycle%3D0%26p_p_state%3Dnormal%26p_p_mode%3Dview%26p_p_col_id%3Dcolumn-2%26p_p_col_count%3D1%26_101_INSTANCE_JS3r_advancedSearch%3Dfalse%26_101_INSTANCE_JS3r_keywords%3D%26_101_INSTANCE_JS3r_delta%3D8%26_101_INSTANCE_JS3r_cur%3D2%26_101_INSTANCE_JS3r_andOperator%3Dtrue#p_p_id_101_INSTANCE_JS3r_\" target=\"_self\">\n\t\t\t<img decoding=\"async\" class=\"wp-post-image\"  src=\"http:\/\/umtykocin.pl\/mieszkaniec\/wp-content\/uploads\/sites\/4\/2021\/04\/eUS_mix_ost9.jpg\" alt=\"\" \/>\n\t\t<\/a>\n\t\t\t<\/div>\n\t<\/div><div class=\"wpls-logo-cnt\">\n\t<div class=\"wpls-fix-box\">\n\t\t\t\t<a href=\"http:\/\/umtykocin.pl\/mieszkaniec\/urzad-miejski\/wazne-adresy\/aplikacja-lupe\/\" target=\"_self\">\n\t\t\t<img decoding=\"async\" class=\"wp-post-image\"  src=\"http:\/\/umtykocin.pl\/mieszkaniec\/wp-content\/uploads\/sites\/4\/2022\/07\/ipodlaskie.jpg\" alt=\"\" \/>\n\t\t<\/a>\n\t\t\t<\/div>\n\t<\/div><div class=\"wpls-logo-cnt\">\n\t<div class=\"wpls-fix-box\">\n\t\t\t\t<a href=\"https:\/\/gis.ipodlaskie.pl\/tykocin\" target=\"_self\">\n\t\t\t<img decoding=\"async\" class=\"wp-post-image\"  src=\"http:\/\/umtykocin.pl\/mieszkaniec\/wp-content\/uploads\/sites\/4\/2024\/10\/gison.jpg\" alt=\"\" \/>\n\t\t<\/a>\n\t\t\t<\/div>\n\t<\/div>\t\t\t<\/div>\n\t\t<\/div>\n\n\t\t[\/et_pb_code][\/et_pb_column][\/et_pb_row][\/et_pb_section]<\/p>\n","protected":false},"excerpt":{"rendered":"<p>[et_pb_section fb_built=&#8221;1&#8243; admin_label=&#8221;Pierwszy baner&#8221; module_class=&#8221;high-contrast&#8221; _builder_version=&#8221;4.3.4&#8243; custom_margin=&#8221;|||&#8221; custom_padding=&#8221;0px|0px||0px||&#8221; global_module=&#8221;1295&#8243; collapsed=&#8221;off&#8221;][et_pb_row _builder_version=&#8221;3.25.2&#8243; width=&#8221;100%&#8221; module_alignment=&#8221;center&#8221; custom_margin=&#8221;|0px||0px&#8221; collapsed=&#8221;off&#8221;][et_pb_column type=&#8221;4_4&#8243; _builder_version=&#8221;3.25.2&#8243; custom_padding=&#8221;0px|0px|0px|0px&#8221;][et_pb_gallery gallery_ids=&#8221;1384,1383,1385,1379,2124,2123,2122,2121,2120,2119,2118,2125,2127,2117,2116,2110&#8243; gallery_orderby=&#8221;rand&#8221; fullwidth=&#8221;on&#8221; _builder_version=&#8221;4.5.3&#8243; module_alignment=&#8221;center&#8221; height_tablet=&#8221;&#8221; height_phone=&#8221;&#8221; height_last_edited=&#8221;on|desktop&#8221; max_height=&#8221;500px&#8221;][\/et_pb_gallery][\/et_pb_column][\/et_pb_row][\/et_pb_section][et_pb_section fb_built=&#8221;1&#8243; admin_label=&#8221;Sekcja g\u0142\u00f3wna&#8221; module_class=&#8221;high-contrast&#8221; _builder_version=&#8221;3.26.1&#8243; collapsed=&#8221;off&#8221;][et_pb_row column_structure=&#8221;2_3,1_3&#8243; _builder_version=&#8221;3.25.3&#8243;][et_pb_column type=&#8221;2_3&#8243; _builder_version=&#8221;3.25.3&#8243;][et_pb_text admin_label=&#8221;Przyk\u0142adowy nag\u0142\u00f3wek&#8221; _builder_version=&#8221;4.5.3&#8243; text_font=&#8221;Lato||||||||&#8221; text_font_size=&#8221;1.6em&#8221; text_line_height=&#8221;1.6em&#8221; header_font=&#8221;||||||||&#8221; hover_enabled=&#8221;0&#8243;] List of village leaders on the terrain of Tykocin&#8217;s commune, [&hellip;]<\/p>\n","protected":false},"author":1,"featured_media":0,"parent":0,"menu_order":0,"comment_status":"closed","ping_status":"closed","template":"","meta":{"_et_pb_use_builder":"on","_et_pb_old_content":"","_et_gb_content_width":"","cybocfi_hide_featured_image":"","footnotes":""},"class_list":["post-1185","page","type-page","status-publish","hentry","high-contrast"],"_links":{"self":[{"href":"http:\/\/umtykocin.pl\/mieszkaniec\/wp-json\/wp\/v2\/pages\/1185","targetHints":{"allow":["GET"]}}],"collection":[{"href":"http:\/\/umtykocin.pl\/mieszkaniec\/wp-json\/wp\/v2\/pages"}],"about":[{"href":"http:\/\/umtykocin.pl\/mieszkaniec\/wp-json\/wp\/v2\/types\/page"}],"author":[{"embeddable":true,"href":"http:\/\/umtykocin.pl\/mieszkaniec\/wp-json\/wp\/v2\/users\/1"}],"replies":[{"embeddable":true,"href":"http:\/\/umtykocin.pl\/mieszkaniec\/wp-json\/wp\/v2\/comments?post=1185"}],"version-history":[{"count":5,"href":"http:\/\/umtykocin.pl\/mieszkaniec\/wp-json\/wp\/v2\/pages\/1185\/revisions"}],"predecessor-version":[{"id":6467,"href":"http:\/\/umtykocin.pl\/mieszkaniec\/wp-json\/wp\/v2\/pages\/1185\/revisions\/6467"}],"wp:attachment":[{"href":"http:\/\/umtykocin.pl\/mieszkaniec\/wp-json\/wp\/v2\/media?parent=1185"}],"curies":[{"name":"wp","href":"https:\/\/api.w.org\/{rel}","templated":true}]}}