{"id":5580,"date":"2020-07-30T13:20:21","date_gmt":"2020-07-30T11:20:21","guid":{"rendered":"http:\/\/umtykocin.pl\/mieszkaniec\/?page_id=5580"},"modified":"2021-06-19T09:49:37","modified_gmt":"2021-06-19T07:49:37","slug":"interreg","status":"publish","type":"page","link":"http:\/\/umtykocin.pl\/mieszkaniec\/urzad-miejski\/interreg\/","title":{"rendered":"Interreg"},"content":{"rendered":"<p>[et_pb_section fb_built=&#8221;1&#8243; _builder_version=&#8221;4.5.3&#8243; _module_preset=&#8221;default&#8221;][et_pb_row _builder_version=&#8221;4.5.3&#8243; _module_preset=&#8221;default&#8221;][et_pb_column type=&#8221;4_4&#8243; _builder_version=&#8221;4.5.3&#8243; _module_preset=&#8221;default&#8221;][et_pb_image src=&#8221;http:\/\/umtykocin.pl\/mieszkaniec\/wp-content\/uploads\/sites\/4\/2020\/09\/Tabliczka-Interreg-szkic-\u2014-kopia.jpg&#8221; alt=&#8221;Interreg. Litwa-Polska. Unia Europejska. Europejski Fundusz Rozwoju Regionalnego. LT-PL-4R-283- \u201ePARTNERSTWO. PRZEDSI\u0118BIORCZO\u015a\u0106. DZIA\u0141ANIE.\u201d CEL PROJEKTU &#8211; Wspieranie m\u0142odzie\u017cy transgranicznej i m\u0142odych przedsi\u0119biorc\u00f3w w zak\u0142adaniu, rozwijaniu i utrzymywaniu dzia\u0142alno\u015bci  gospodarczej &#8211; umo\u017cliwiaj\u0105c im tworzenie miejsc pracy, budowanie spo\u0142eczno\u015bci i przekszta\u0142canie \u017cycia.  Pocz\u0105tek projektu: 01.06.2020, koniec: 31.12.2021  Warto\u015b\u0107 projektu og\u00f3\u0142em: 198 300, 38 euro, dofinansowanie UE: 168 555, 31 euro Projekt realizowany przez: Gmina Orzysz, Gmina Tykocin, Rejon \u0141o\u017adzieje%22&#8243; title_text=&#8221;Tabliczka Interreg szkic \u2014 kopia&#8221; _builder_version=&#8221;4.5.3&#8243; _module_preset=&#8221;default&#8221;][\/et_pb_image][\/et_pb_column][\/et_pb_row][et_pb_row column_structure=&#8221;1_2,1_2&#8243; _builder_version=&#8221;4.5.3&#8243; _module_preset=&#8221;default&#8221;][et_pb_column type=&#8221;1_2&#8243; _builder_version=&#8221;4.5.3&#8243; _module_preset=&#8221;default&#8221;][et_pb_blog include_categories=&#8221;3486&#8243; show_content=&#8221;on&#8221; _builder_version=&#8221;4.5.3&#8243; _module_preset=&#8221;default&#8221;][\/et_pb_blog][et_pb_text _builder_version=&#8221;4.5.3&#8243; _module_preset=&#8221;default&#8221; hover_enabled=&#8221;0&#8243; sticky_enabled=&#8221;0&#8243;]<\/p>\n<h2>Relizatorzy projektu:<\/h2>\n<p>[\/et_pb_text][et_pb_gallery gallery_ids=&#8221;5932,5933,5934&#8243; gallery_orderby=&#8221;rand&#8221; fullwidth=&#8221;on&#8221; admin_label=&#8221;Realizatorzy projektu:&#8221; _builder_version=&#8221;4.5.3&#8243; _module_preset=&#8221;default&#8221; animation_style=&#8221;flip&#8221;][\/et_pb_gallery][\/et_pb_column][et_pb_column type=&#8221;1_2&#8243; _builder_version=&#8221;4.5.3&#8243; _module_preset=&#8221;default&#8221;][et_pb_text admin_label=&#8221;Tekst&#8221; _builder_version=&#8221;4.5.3&#8243; _module_preset=&#8221;default&#8221;]<\/p>\n<h2>Galeria z naszych spotka\u0144:<\/h2>\n<p>Wrz 18, 2020<\/p>\n<p>[\/et_pb_text][et_pb_gallery gallery_ids=&#8221;5925,5924,5923&#8243; fullwidth=&#8221;on&#8221; _builder_version=&#8221;4.5.3&#8243; _module_preset=&#8221;default&#8221; child_filter_sepia=&#8221;51%&#8221; animation_style=&#8221;fade&#8221;][\/et_pb_gallery][et_pb_text _builder_version=&#8221;4.5.3&#8243; _module_preset=&#8221;default&#8221;]<\/p>\n<h3>1 &#8211; Pierwsze spotkanie Partner\u00f3w na Litwie dnia 28.07.2020 r.<\/h3>\n<p>Dnia 28 .07.2020 r. odby\u0142o si\u0119 spotkanie Partner\u00f3w Projektu: Gmina \u0141o\u017adzieje, Gmina Orzysz i Gmina Tykocin bior\u0105cych udzia\u0142 w realizacji projektu &#8222;Partnerstwo.Przedsi\u0119biorstwo. Dzia\u0142anie&#8221;. Spotkanie dotyczy\u0142o spraw bie\u017c\u0105cych zwi\u0105zanych z realizacj\u0105 i zarz\u0105dzaniem projektem. Dodatkowo w szerokim gronie przedstawicieli wszystkich gmin, w tym tak\u017ce dzi\u0119ki obecno\u015bci ekspert\u00f3w, doradc\u00f3w zawodowych oraz przedstawicieli przedsi\u0119biorc\u00f3w zosta\u0142y szeroko om\u00f3wione zagadnienia dotycz\u0105ce programu warsztat\u00f3w biznesowych skierowanych do m\u0142odzie\u017cy w wieku 16 &#8211; 29 lat z terenu gmin Beneficjent\u00f3w. Pierwsze spotkania z m\u0142odzie\u017c\u0105 z Tykocina odb\u0119d\u0105 si\u0119 ju\u017c we wrze\u015bniu.<\/p>\n<h3>2 &#8211; Rozpocz\u0119cie warsztat\u00f3w biznesowych<\/h3>\n<p>Dzia\u0142anie dotyczy realizacji co najmniej 12 spotka\u0144, kt\u00f3re b\u0119d\u0105 odbywa\u0107 si\u0119 co najmniej raz w miesi\u0105cu do VIII 2021 r. Warsztaty biznesowe maj\u0105 na celu przekazanie osobom m\u0142odym w wieku 16 &#8211; 29 lat zamieszkuj\u0105cym gmin\u0119 Tykocin\u00a0 wiedzy pobudzaj\u0105cej postawy przedsi\u0119biorcze oraz dotycz\u0105cej prowadzenia dzia\u0142alno\u015bci gospodarczej\/przedsi\u0119biorstwa. W czasie spotka\u0144 zostan\u0105 stworzone wsp\u00f3lnie z uczestnikami 4 biznesplany\/idei biznesowych, kt\u00f3re prezentowane b\u0119d\u0105 podczas kwartalnych spotka\u0144 przez wszystkich Beneficjent\u00f3w projektu.<\/p>\n<p>Dnia 16.09.2020 r. odby\u0142o si\u0119 pierwsza spotkanie w ramach warsztat\u00f3w biznesowych. Pierwsze szkolenie mia\u0142o\u00a0 na celu wymian\u0119 naszych do\u015bwiadcze\u0144 i opinii dotycz\u0105cych mo\u017cliwo\u015bci rozwoju naszego regionu. Zastanawiali\u015bmy si\u0119 wsp\u00f3lnie jak\u0105 dzia\u0142alno\u015b\u0107 turystyczn\u0105 mo\u017cna za\u0142o\u017cy\u0107 w naszej gminie, aby by\u0142a ona op\u0142acalna. W wyniku burzy m\u00f3zg\u00f3w powsta\u0142o sporo ciekawych pomys\u0142\u00f3w, z kt\u00f3rych zosta\u0142 wybrany jeden &#8222;Wielowymiarowy Przewodnik Turystyczny po Tykocinie&#8221;. Pozosta\u0142e 3 idee biznesowe zostan\u0105 opracowane w czasie kolejnych 11 spotka\u0144.<\/p>\n<p>[\/et_pb_text][et_pb_text _builder_version=&#8221;4.9.4&#8243; _module_preset=&#8221;default&#8221;]<\/p>\n<div class=\"kvgmc6g5 cxmmr5t8 oygrvhab hcukyx3x c1et5uql ii04i59q\">\n<div dir=\"auto\"><strong>Od lipca 2021 rusza nowe dzia\u0142anie w ramach projektu programu wsp\u00f3\u0142pracy litewsko-polskiej Interreg V-A Interreg Polska-Litwa pt.: &#8222;Partnerstwo. Przedsi\u0119biorczo\u015b\u0107. Dzia\u0142anie&#8221;.<\/strong><\/div>\n<div dir=\"auto\">\u00a0<\/div>\n<\/div>\n<div class=\"o9v6fnle cxmmr5t8 oygrvhab hcukyx3x c1et5uql ii04i59q\">\n<div dir=\"auto\">Gmina Tykocin we wsp\u00f3\u0142pracy z Partnerami z Lazdijai (Litwa) i Orzysza organizuje trzy ca\u0142kowicie bezp\u0142atne campy &#8211; warsztaty szkoleniowe skierowane do os\u00f3b m\u0142odych z Gminy Tykocin w wieku 16 \u2013 29 lat.<\/div>\n<\/div>\n<div class=\"o9v6fnle cxmmr5t8 oygrvhab hcukyx3x c1et5uql ii04i59q\">\n<div dir=\"auto\">Warsztaty przedsi\u0119biorczo\u015bci to ciekawe i znacz\u0105ce zaj\u0119cia, nowe znajomo\u015bci, dzia\u0142ania promuj\u0105ce wsp\u00f3\u0142prac\u0119 i edukacj\u0119 w zakresie przedsi\u0119biorczo\u015bci. Wspieranie m\u0142odzie\u017cy transgranicznej i m\u0142odych przedsi\u0119biorc\u00f3w w zak\u0142adaniu, rozwijaniu i utrzymywaniu dzia\u0142alno\u015bci gospodarczej \u2013 umo\u017cliwiaj\u0105c im tworzenie miejsc pracy, budowanie wsp\u00f3lnoty i dokonywanie zmian w \u017cyciu.<\/div>\n<div dir=\"auto\">Je\u015bli jeste\u015b m\u0142odym, ambitnym, przedsi\u0119biorczym cz\u0142owiekiem &#8211; zapraszamy do udzia\u0142u w projekcie.<\/div>\n<\/div>\n<div class=\"o9v6fnle cxmmr5t8 oygrvhab hcukyx3x c1et5uql ii04i59q\">\n<div dir=\"auto\">Terminy camp\u00f3w :<\/div>\n<div dir=\"auto\">1-7 lipca w Tykocin(RP)<\/div>\n<div dir=\"auto\">20-26 lipca w rejonie Lazdijai (Lt)<\/div>\n<div dir=\"auto\">16-22 sierpnia w Orzysz (RP)<\/div>\n<\/div>\n<div class=\"o9v6fnle cxmmr5t8 oygrvhab hcukyx3x c1et5uql ii04i59q\">\n<div dir=\"auto\">Uczestnik nie ponosi \u017cadnych kosz\u00f3w. Organizator zapewnia bezp\u0142atne zakwaterowanie, wy\u017cywienie, transport, bilety wst\u0119pu tak\u017ce w trakcie zorganizowanych fakultatywnych wyjazd\u00f3w, mi\u0142\u0105 atmosfer\u0119 i ciekawe wydarzenia. W obozach m\u00f3wi si\u0119 po angielsku wi\u0119c ka\u017cdy b\u0119dzie mia\u0142 mo\u017cliwo\u015b\u0107 sprawdzi\u0107 i rozwin\u0105\u0107 swoje umiej\u0119tno\u015bci j\u0119zykowe.<\/div>\n<\/div>\n<div class=\"o9v6fnle cxmmr5t8 oygrvhab hcukyx3x c1et5uql ii04i59q\">\n<div dir=\"auto\">Ka\u017cdy, kto chce wzi\u0105\u0107 udzia\u0142 w obozach, musi zarejestrowa\u0107 si\u0119 wysy\u0142aj\u0105c e-mail na adres karolina.rojecka@umtykocin.pl<\/div>\n<div dir=\"auto\">Mail musi zawiera\u0107:<\/div>\n<div dir=\"auto\">&#8211; imi\u0119 i nazwisko,<\/div>\n<div dir=\"auto\">&#8211; adres,<\/div>\n<div dir=\"auto\">&#8211; numer telefonu,<\/div>\n<div dir=\"auto\">-wiek i dat\u0119 wybranego obozu*<\/div>\n<\/div>\n<div class=\"o9v6fnle cxmmr5t8 oygrvhab hcukyx3x c1et5uql ii04i59q\">\n<div dir=\"auto\">*Uczestnik mo\u017ce wzi\u0105\u0107 udzia\u0142 w wi\u0119cej ni\u017c jednym obozie. Szczeg\u00f3\u0142owy program obozu zostanie wys\u0142any do os\u00f3b, kt\u00f3re si\u0119 zarejestruj\u0105. Zwracamy si\u0119 z uprzejm\u0105 pro\u015bb\u0105 o wskazanie informacji w zakresie posiadania certyfikatu potwierdzenia przyj\u0119cia pe\u0142nej dawki szczepienia przeciwko COVID-19 w przypadku deklaracji uczestnictwa w campie organizowanym za granic\u0105.<\/div>\n<\/div>\n<div class=\"o9v6fnle cxmmr5t8 oygrvhab hcukyx3x c1et5uql ii04i59q\">\n<div dir=\"auto\">Rekrutacja na pierwszy ob\u00f3z trwa do 25.06.2021 r.<\/div>\n<\/div>\n<div class=\"o9v6fnle cxmmr5t8 oygrvhab hcukyx3x c1et5uql ii04i59q\">\n<div dir=\"auto\">Informacja dotycz\u0105ca przetwarzania danych osobowych:<\/div>\n<\/div>\n<div class=\"o9v6fnle cxmmr5t8 oygrvhab hcukyx3x c1et5uql ii04i59q\">\n<div dir=\"auto\">Zgodnie z art. 13 Rozporz\u0105dzenia Parlamentu Europejskiego i Rady (UE) 2016\/679<\/div>\n<div dir=\"auto\">z dnia 27 kwietnia 2016 r. w sprawie ochrony os\u00f3b fizycznych w zwi\u0105zku z przetwarzaniem danych i w sprawie swobodnego przep\u0142ywu takich danych oraz uchylenia dyrektywy 95\/46\/WE (4.5.2016 L 119\/38 Dziennik Urz\u0119dowy Unii Europejskiej PL) informuj\u0119, \u017ce:<\/div>\n<div dir=\"auto\">1. Administratorem Pani\/Pana danych osobowych jest Gmina Tykocin z siedzib\u0105 w Tykocinie przy ulicy 11 Listopada 8.<\/div>\n<div dir=\"auto\">2. Kontakt z Inspektorem Ochrony Danych mo\u017cliwy jest pod adresem email: iod@umtykocin.pl<\/div>\n<div dir=\"auto\">lub pisemnie na adres Administratora danych.<\/div>\n<div dir=\"auto\">3. Pana\/Pani dane osobowe b\u0119d\u0105 przetwarzane na potrzeby realizacji projektu No LT-PL-4R-283 \u201ePartnerstwo. Przedsi\u0119biorczo\u015b\u0107. Dzia\u0142anie\u201d realizowanego w ramach Programu Wsp\u00f3\u0142pracy Interreg V-A Litwa \u2013 Polska, wsp\u00f3\u0142finansowanego ze \u015brodk\u00f3w Europejskiego Funduszu Rozwoju Regionalnego.<\/div>\n<div dir=\"auto\">4. Odbiorcami danych osobowych b\u0119d\u0105 wy\u0142\u0105cznie podmioty uprawnione do uzyskania danych osobowych na podstawie przepis\u00f3w prawa oraz podmioty, kt\u00f3re b\u0119d\u0105 przetwarza\u0142y dane osobowe w imieniu Administratora na postawie zawartej z Administratorem umowy powierzenia przetwarzania danych osobowych.<\/div>\n<div dir=\"auto\">5. Dane osobowe b\u0119d\u0105 przechowywane przez okres trwania i trwa\u0142o\u015bci projektu No LT-PL-4R-283 \u201ePartnerstwo. Przedsi\u0119biorczo\u015b\u0107. Dzia\u0142anie\u201d realizowanego w ramach Programu Wsp\u00f3\u0142pracy Interreg V-A Litwa \u2013 Polska, wsp\u00f3\u0142finansowanego ze \u015brodk\u00f3w Europejskiego Funduszu Rozwoju Regionalnego oraz przez okres wynikaj\u0105cy z przepis\u00f3w ustawy z dnia 14 lipca 1983 r. o narodowym zasobie archiwalnym i archiwach.<\/div>\n<div dir=\"auto\">6. Posiada Pani\/Pan prawo do \u017c\u0105dania od Administratora:<\/div>\n<div dir=\"auto\">a) dost\u0119pu do danych osobowych, na podstawie art. 15 RODO,<\/div>\n<div dir=\"auto\">b) sprostowania danych osobowych na podstawie art. 16 RODO<\/div>\n<div dir=\"auto\">c) ograniczenia przetwarzania danych osobowych, na podstawie art. 18 RODO.<\/div>\n<div dir=\"auto\">d) prawo do wniesienia skargi do Prezesa Urz\u0119du Ochrony Danych Osobowych, gdy uzna Pani\/Pan, \u017ce przetwarzanie danych osobowych Pani\/Pana dotycz\u0105cych narusza przepisy RODO;<\/div>\n<div dir=\"auto\">7. Dane osobowe nie b\u0119d\u0105 przetwarzane w spos\u00f3b zautomatyzowany i nie b\u0119d\u0105 podlega\u0142y zautomatyzowanemu profilowaniu.<\/div>\n<div dir=\"auto\">8. Dane osobowe nie b\u0119d\u0105 przekazywane do pa\u0144stwa trzeciego\/organizacji mi\u0119dzynarodowej.<\/div>\n<div dir=\"auto\">9. Podanie danych osobowych jest obowi\u0105zkowe.<\/div>\n<\/div>\n<p>[\/et_pb_text][\/et_pb_column][\/et_pb_row][et_pb_row column_structure=&#8221;1_2,1_4,1_4&#8243; admin_label=&#8221;Wiersz&#8221; _builder_version=&#8221;4.5.3&#8243; _module_preset=&#8221;default&#8221;][et_pb_column type=&#8221;1_2&#8243; _builder_version=&#8221;4.5.3&#8243; _module_preset=&#8221;default&#8221;][\/et_pb_column][et_pb_column type=&#8221;1_4&#8243; _builder_version=&#8221;4.5.3&#8243; _module_preset=&#8221;default&#8221;][\/et_pb_column][et_pb_column type=&#8221;1_4&#8243; _builder_version=&#8221;4.5.3&#8243; _module_preset=&#8221;default&#8221;][\/et_pb_column][\/et_pb_row][\/et_pb_section]<\/p>\n","protected":false},"excerpt":{"rendered":"<p>Relizatorzy projektu:Galeria z naszych spotka\u0144: Wrz 18, 20201 &#8211; Pierwsze spotkanie Partner\u00f3w na Litwie dnia 28.07.2020 r. Dnia 28 .07.2020 r. odby\u0142o si\u0119 spotkanie Partner\u00f3w Projektu: Gmina \u0141o\u017adzieje, Gmina Orzysz i Gmina Tykocin bior\u0105cych udzia\u0142 w realizacji projektu &#8222;Partnerstwo.Przedsi\u0119biorstwo. Dzia\u0142anie&#8221;. Spotkanie dotyczy\u0142o spraw bie\u017c\u0105cych zwi\u0105zanych z realizacj\u0105 i zarz\u0105dzaniem projektem. Dodatkowo w szerokim gronie przedstawicieli [&hellip;]<\/p>\n","protected":false},"author":1,"featured_media":0,"parent":1959,"menu_order":0,"comment_status":"closed","ping_status":"closed","template":"","meta":{"_et_pb_use_builder":"on","_et_pb_old_content":"","_et_gb_content_width":"","cybocfi_hide_featured_image":"","footnotes":""},"class_list":["post-5580","page","type-page","status-publish","hentry","high-contrast"],"_links":{"self":[{"href":"http:\/\/umtykocin.pl\/mieszkaniec\/wp-json\/wp\/v2\/pages\/5580","targetHints":{"allow":["GET"]}}],"collection":[{"href":"http:\/\/umtykocin.pl\/mieszkaniec\/wp-json\/wp\/v2\/pages"}],"about":[{"href":"http:\/\/umtykocin.pl\/mieszkaniec\/wp-json\/wp\/v2\/types\/page"}],"author":[{"embeddable":true,"href":"http:\/\/umtykocin.pl\/mieszkaniec\/wp-json\/wp\/v2\/users\/1"}],"replies":[{"embeddable":true,"href":"http:\/\/umtykocin.pl\/mieszkaniec\/wp-json\/wp\/v2\/comments?post=5580"}],"version-history":[{"count":15,"href":"http:\/\/umtykocin.pl\/mieszkaniec\/wp-json\/wp\/v2\/pages\/5580\/revisions"}],"predecessor-version":[{"id":7229,"href":"http:\/\/umtykocin.pl\/mieszkaniec\/wp-json\/wp\/v2\/pages\/5580\/revisions\/7229"}],"up":[{"embeddable":true,"href":"http:\/\/umtykocin.pl\/mieszkaniec\/wp-json\/wp\/v2\/pages\/1959"}],"wp:attachment":[{"href":"http:\/\/umtykocin.pl\/mieszkaniec\/wp-json\/wp\/v2\/media?parent=5580"}],"curies":[{"name":"wp","href":"https:\/\/api.w.org\/{rel}","templated":true}]}}