{"id":5900,"date":"2020-09-22T13:47:25","date_gmt":"2020-09-22T11:47:25","guid":{"rendered":"http:\/\/umtykocin.pl\/mieszkaniec\/?page_id=5900"},"modified":"2025-03-31T08:32:52","modified_gmt":"2025-03-31T06:32:52","slug":"deklaracja-dostepnosci","status":"publish","type":"page","link":"http:\/\/umtykocin.pl\/mieszkaniec\/urzad-miejski\/organizacja-urzedu\/deklaracja-dostepnosci\/","title":{"rendered":"Deklaracja dost\u0119pno\u015bci"},"content":{"rendered":"<p><strong>Deklaracja dost\u0119pno\u015bci serwisu umtykocin.pl <\/strong><\/p>\n<p>Burmistrz Tykocina\u00a0zobowi\u0105zuje si\u0119 zapewni\u0107 dost\u0119pno\u015b\u0107 stron internetowych serwisu umtykocin.pl zgodnie z ustaw\u0105 z dnia 4 kwietnia 2019 r. o dost\u0119pno\u015bci cyfrowej stron internetowych i aplikacji mobilnych podmiot\u00f3w publicznych.<\/p>\n<p>O\u015bwiadczenie w sprawie dost\u0119pno\u015bci ma zastosowanie do serwisu\u00a0<a href=\"https:\/\/bip.um.tykocin.wrotapodlasia.pl\/\">umtykocin.pl<\/a><\/p>\n<p>Data publikacji strony internetowej:\u00a02019-07-01<\/p>\n<p>Data ostatniej du\u017cej aktualizacji:\u00a02020-09-22<\/p>\n<p><strong>Status pod wzgl\u0119dem zgodno\u015bci z ustaw\u0105<\/strong><\/p>\n<p>Strona internetowa jest cz\u0119\u015bciowo zgodna z ustaw\u0105 o dost\u0119pno\u015bci cyfrowej stron internetowych i aplikacji mobilnych podmiot\u00f3w publicznych.<\/p>\n<p>Pewne dokumenty opublikowane na stronie s\u0105 niedost\u0119pne z uwagi na fakt, \u017ce:<\/p>\n<ul>\n<li>posiadaj\u0105 struktur\u0119, w kt\u00f3r\u0105 nie ma mo\u017cliwo\u015bci ingerencji,<\/li>\n<li>opublikowane zosta\u0142y przed wej\u015bciem w \u017cycie ustawy o dost\u0119pno\u015bci cyfrowej.<\/li>\n<\/ul>\n<p><strong>Przygotowanie deklaracji w sprawie dost\u0119pno\u015bci<\/strong><\/p>\n<p>O\u015bwiadczenie sporz\u0105dzono dnia 2020-09-22. Deklaracja zosta\u0142a ostatnio poddana przegl\u0105dowi i aktualizacji dnia 2025-03-31<\/p>\n<p>Deklaracj\u0119 sporz\u0105dzono na podstawie samooceny przeprowadzonej przez podmiot publiczny.<\/p>\n<p><a href=\"http:\/\/checkers.eiii.eu\/en\/pagecheck2.0\/?uuid=df472f65-e3f3-4c55-94e2-608955f1f996\">http:\/\/checkers.eiii.eu\/en\/pagecheck2.0\/?uuid=df472f65-e3f3-4c55-94e2-608955f1f996<\/a><\/p>\n<p><strong>Informacje zwrotne i dane kontaktowe<\/strong><\/p>\n<p>W przypadku problem\u00f3w z dost\u0119pno\u015bci\u0105 strony internetowej prosimy o kontakt.<\/p>\n<p>Osob\u0105 kontaktow\u0105 jest\u00a0Pawe\u0142 Pogorzelski, adres poczty elektronicznej\u00a0<a href=\"mailto:sekretariat@umtykocin.pl\">sekretariat@umtykocin.pl<\/a>.<\/p>\n<p>Kontaktowa\u0107 mo\u017cna si\u0119 tak\u017ce dzwoni\u0105c na numer telefonu\u00a0856869306.<\/p>\n<p>T\u0105 sam\u0105 drog\u0105 mo\u017cna sk\u0142ada\u0107 wnioski o udost\u0119pnienie informacji niedost\u0119pnej oraz sk\u0142ada\u0107 skargi na brak zapewnienia dost\u0119pno\u015bci.<\/p>\n<p>Ka\u017cdy ma prawo do wyst\u0105pienia z \u017c\u0105daniem zapewnienia dost\u0119pno\u015bci cyfrowej strony internetowej, aplikacji mobilnej lub jakiego\u015b ich elementu. Mo\u017cna tak\u017ce za\u017c\u0105da\u0107 udost\u0119pnienia informacji w formach alternatywnych, na przyk\u0142ad odczytanie niedost\u0119pnego cyfrowo dokumentu, opisania zawarto\u015bci filmu bez audiodeskrypcji itp. \u017b\u0105danie powinno zawiera\u0107 dane osoby zg\u0142aszaj\u0105cej \u017c\u0105danie, wskazanie, o kt\u00f3r\u0105 stron\u0119 internetow\u0105 lub aplikacj\u0119 mobiln\u0105 chodzi oraz spos\u00f3b kontaktu. Je\u017celi osoba \u017c\u0105daj\u0105ca zg\u0142asza potrzeb\u0119 otrzymania informacji w formie alternatywnej, powinna tak\u017ce okre\u015bli\u0107 form\u0119 tej informacji. Podmiot publiczny powinien zrealizowa\u0107 \u017c\u0105danie niezw\u0142ocznie i nie p\u00f3\u017aniej, ni\u017c w ci\u0105gu 7 dni. Je\u017celi dotrzymanie tego terminu nie jest mo\u017cliwe, podmiot publiczny niezw\u0142ocznie informuje o tym, kiedy realizacja \u017c\u0105dania b\u0119dzie mo\u017cliwa, przy czym termin ten nie mo\u017ce by\u0107 d\u0142u\u017cszy ni\u017c 2 miesi\u0105ce. Je\u017celi zapewnienie dost\u0119pno\u015bci nie jest mo\u017cliwe, podmiot publiczny mo\u017ce zaproponowa\u0107 alternatywny spos\u00f3b dost\u0119pu do informacji. W przypadku, gdy podmiot odm\u00f3wi realizacji \u017c\u0105dania zapewnienia dost\u0119pno\u015bci lub alternatywnego dost\u0119pu do informacji, mo\u017cna z\u0142o\u017cy\u0107 skarg\u0119 na takie dzia\u0142anie. Po wyczerpaniu wskazanej wy\u017cej procedury mo\u017cna tak\u017ce z\u0142o\u017cy\u0107 wniosek do\u00a0<a href=\"https:\/\/www.rpo.gov.pl\/\">Rzecznika Praw Obywatelskich<\/a><\/p>\n<p><strong>Skr\u00f3ty klawiaturowe<\/strong><\/p>\n<p>Na stronie internetowej mo\u017cna korzysta\u0107 ze standardowych skr\u00f3t\u00f3w klawiaturowych<\/p>\n<p><strong>Skargi i odwo\u0142ania<\/strong><\/p>\n<p>Nazwa organu odwo\u0142awczego: Burmistrz Tykocina<\/p>\n<p>Adres organu odwo\u0142awczego:\u00a011 Listopada 8 16-080 Tykocin<\/p>\n<p>Adres e-mail organu odwo\u0142awczego:\u00a0<a href=\"mailto:sekretariat@umtykocin.pl\">sekretariat@umtykocin.pl<\/a><\/p>\n<p>Telefon organu odwo\u0142awczego: 857181627<\/p>\n<p><strong>Dost\u0119pno\u015b\u0107 architektoniczna siedziby Urz\u0119du Miejskiego w Tykocinie<\/strong><\/p>\n<p>Wej\u015bcie g\u0142\u00f3wne do budynku Urz\u0119du Miejskiego w Tykocinie usytuowane jest od ul. 11Listopada 8 a wej\u015bcie z pochylni\u0105 dla w\u00f3zk\u00f3w znajduje si\u0119 z ty\u0142u budynku.<\/p>\n<p>Budynek jest wyra\u017anie oznakowany tablic\u0105 informacyjn\u0105.<\/p>\n<p>Obok budynku urz\u0119du znajduje si\u0119 parking samochodowy. Na parkingu wyznaczono jedno miejsce dla os\u00f3b niepe\u0142nosprawnych.<\/p>\n<p>Na parterze budynku znajduje si\u0119 Punkt Obs\u0142ugi Klienta, kt\u00f3ry pe\u0142ni r\u00f3wnie\u017c funkcje punktu informacyjnego i wspomagaj\u0105cego osoby ze szczeg\u00f3lnymi potrzebami.<\/p>\n<p>W budynku brak \u00a0jest windy zapewniaj\u0105cej dost\u0119p do wszystkich jego kondygnacji. Pracownicy Urz\u0119du obs\u0142uguj\u0105 osoby ze szczeg\u00f3lnymi potrzebami na parterze budynku.<\/p>\n<p>Toaleta znajduj\u0105ca si\u0119 na parterze nie jest przystosowana dla os\u00f3b niepe\u0142nosprawnych ale jej rozmiary pozwalaj\u0105 na wjazd w\u00f3zkiem.<\/p>\n<p>W budynku nie ma oznacze\u0144 w alfabecie brajla ani oznacze\u0144 w druku powi\u0119kszonym dla os\u00f3b niewidomych i s\u0142abowidz\u0105cych, nie ma p\u0119tli indukcyjnych.<\/p>\n<p>Do budynku i wszystkich jego pomieszcze\u0144 mo\u017cna wej\u015b\u0107 z psem asystuj\u0105cym i psem przewodnikiem.<\/p>\n<p><strong>Dost\u0119pno\u015b\u0107 t\u0142umacza j\u0119zyka migowego<\/strong><\/p>\n<p>Burmistrz Tykocina zapewnia mo\u017cliwo\u015b\u0107 korzystania przez osoby uprawnione z pomocy wybranego t\u0142umacza j\u0119zyka migowego lub t\u0142umacza przewodnika<\/p>\n<p>Osoby niepe\u0142nosprawne: nies\u0142ysz\u0105ce i niedos\u0142ysz\u0105ce, kt\u00f3re chc\u0105 skorzysta\u0107 z us\u0142ug Urz\u0119du Miejskiego w Tykocinie, mog\u0105 liczy\u0107 na pomoc t\u0142umacza j\u0119zyka migowego.<\/p>\n<p>Uprawnienia takie wynikaj\u0105 z przepis\u00f3w ustawy z 19 sierpnia 2011 r. o j\u0119zyku migowym i innych \u015brodkach komunikowania si\u0119 (Dz.U. z 2017 r. poz. 1824).<\/p>\n<p>Osoba zainteresowana skorzystaniem ze \u015bwiadczonej bezp\u0142atnie us\u0142ugi t\u0142umacza migowego mo\u017ce zg\u0142osi\u0107 tak\u0105 potrzeb\u0119 urz\u0119dowi. Mo\u017ce to zrobi\u0107 najp\u00f3\u017aniej na trzy dni robocze przed wyznaczonym lub uzgodnionym terminem wizyty w urz\u0119dzie, z wy\u0142\u0105czeniem sytuacji nag\u0142ych \u2013 sk\u0142adaj\u0105c wniosek okre\u015blaj\u0105cy ch\u0119\u0107 skorzystania z us\u0142ugi t\u0142umacza polskiego j\u0119zyka migowego oraz charakteryzuj\u0105c rodzaj i przedmiot sprawy w spos\u00f3b opisowy albo podaj\u0105c numer sprawy b\u0119d\u0105cej w toku. Wniosek mo\u017cna z\u0142o\u017cy\u0107 w Punkcie Obs\u0142ugi Klienta Urz\u0119du Miejskiego przy ul. 11 Listopada 8, przes\u0142a\u0107 go za po\u015brednictwem poczty elektronicznej na adres:\u00a0<a href=\"mailto:sekretariat@umtykocin.pl\">sekretariat@umtykocin.pl<\/a> lub faksem pod numer: 85\u00a06869312.<\/p>\n<p>\u015awiadczenie us\u0142ugi t\u0142umacza migowego jest bezp\u0142atne dla osoby uprawnionej, b\u0119d\u0105cej osob\u0105 niepe\u0142nosprawn\u0105 w rozumieniu ustawy z 27 sierpnia 1997 r. o rehabilitacji zawodowej i spo\u0142ecznej oraz zatrudnieniu os\u00f3b niepe\u0142nosprawnych (Dz.U. z 2018 r. poz. 511 ze zm.).<\/p>\n","protected":false},"excerpt":{"rendered":"<p>Deklaracja dost\u0119pno\u015bci serwisu umtykocin.pl Burmistrz Tykocina\u00a0zobowi\u0105zuje si\u0119 zapewni\u0107 dost\u0119pno\u015b\u0107 stron internetowych serwisu umtykocin.pl zgodnie z ustaw\u0105 z dnia 4 kwietnia 2019 r. o dost\u0119pno\u015bci cyfrowej stron internetowych i aplikacji mobilnych podmiot\u00f3w publicznych. O\u015bwiadczenie w sprawie dost\u0119pno\u015bci ma zastosowanie do serwisu\u00a0umtykocin.pl Data publikacji strony internetowej:\u00a02019-07-01 Data ostatniej du\u017cej aktualizacji:\u00a02020-09-22 Status pod wzgl\u0119dem zgodno\u015bci z ustaw\u0105 Strona [&hellip;]<\/p>\n","protected":false},"author":10004,"featured_media":0,"parent":288,"menu_order":0,"comment_status":"closed","ping_status":"closed","template":"","meta":{"_et_pb_use_builder":"","_et_pb_old_content":"","_et_gb_content_width":"","cybocfi_hide_featured_image":"","footnotes":""},"class_list":["post-5900","page","type-page","status-publish","hentry","high-contrast"],"_links":{"self":[{"href":"http:\/\/umtykocin.pl\/mieszkaniec\/wp-json\/wp\/v2\/pages\/5900","targetHints":{"allow":["GET"]}}],"collection":[{"href":"http:\/\/umtykocin.pl\/mieszkaniec\/wp-json\/wp\/v2\/pages"}],"about":[{"href":"http:\/\/umtykocin.pl\/mieszkaniec\/wp-json\/wp\/v2\/types\/page"}],"author":[{"embeddable":true,"href":"http:\/\/umtykocin.pl\/mieszkaniec\/wp-json\/wp\/v2\/users\/10004"}],"replies":[{"embeddable":true,"href":"http:\/\/umtykocin.pl\/mieszkaniec\/wp-json\/wp\/v2\/comments?post=5900"}],"version-history":[{"count":4,"href":"http:\/\/umtykocin.pl\/mieszkaniec\/wp-json\/wp\/v2\/pages\/5900\/revisions"}],"predecessor-version":[{"id":10711,"href":"http:\/\/umtykocin.pl\/mieszkaniec\/wp-json\/wp\/v2\/pages\/5900\/revisions\/10711"}],"up":[{"embeddable":true,"href":"http:\/\/umtykocin.pl\/mieszkaniec\/wp-json\/wp\/v2\/pages\/288"}],"wp:attachment":[{"href":"http:\/\/umtykocin.pl\/mieszkaniec\/wp-json\/wp\/v2\/media?parent=5900"}],"curies":[{"name":"wp","href":"https:\/\/api.w.org\/{rel}","templated":true}]}}