{"id":8253,"date":"2022-07-06T12:06:57","date_gmt":"2022-07-06T10:06:57","guid":{"rendered":"http:\/\/umtykocin.pl\/mieszkaniec\/?page_id=8253"},"modified":"2024-10-07T11:16:02","modified_gmt":"2024-10-07T09:16:02","slug":"aplikacja-lupe","status":"publish","type":"page","link":"http:\/\/umtykocin.pl\/mieszkaniec\/urzad-miejski\/wazne-adresy\/aplikacja-lupe\/","title":{"rendered":"Aplikacja LUPE"},"content":{"rendered":"<p>Zach\u0119camy do korzystania z elektronicznego, mobilnego systemu komunikacji z Urz\u0119dem Miejskim w Tykocinie. Stron\u0119 i okno do logowania znajdziesz na stronie: <a href=\"https:\/\/ipodlaskie.pl\/jednostki\/urzad-miejski-w-tykocinie.html\">https:\/\/ipodlaskie.pl\/jednostki\/urzad-miejski-w-tykocinie.html<\/a><\/p>\n<p>&nbsp;<\/p>\n<p><a href=\"https:\/\/ipodlaskie.pl\/\"><img loading=\"lazy\" decoding=\"async\" class=\"alignnone wp-image-8254 size-large\" src=\"http:\/\/umtykocin.pl\/mieszkaniec\/wp-content\/uploads\/sites\/4\/2022\/07\/ulotka-Lupe-701x1024.jpg\" alt=\"http:\/\/tykocin-lupe.bit.sa.pl\/\" width=\"701\" height=\"1024\" \/><\/a><\/p>\n","protected":false},"excerpt":{"rendered":"<p>Zach\u0119camy do korzystania z elektronicznego, mobilnego systemu komunikacji z Urz\u0119dem Miejskim w Tykocinie. Stron\u0119 i okno do logowania znajdziesz na stronie: https:\/\/ipodlaskie.pl\/jednostki\/urzad-miejski-w-tykocinie.html &nbsp;<\/p>\n","protected":false},"author":10004,"featured_media":0,"parent":997,"menu_order":0,"comment_status":"closed","ping_status":"closed","template":"","meta":{"_et_pb_use_builder":"","_et_pb_old_content":"","_et_gb_content_width":"","cybocfi_hide_featured_image":"","footnotes":""},"class_list":["post-8253","page","type-page","status-publish","hentry","high-contrast"],"_links":{"self":[{"href":"http:\/\/umtykocin.pl\/mieszkaniec\/wp-json\/wp\/v2\/pages\/8253","targetHints":{"allow":["GET"]}}],"collection":[{"href":"http:\/\/umtykocin.pl\/mieszkaniec\/wp-json\/wp\/v2\/pages"}],"about":[{"href":"http:\/\/umtykocin.pl\/mieszkaniec\/wp-json\/wp\/v2\/types\/page"}],"author":[{"embeddable":true,"href":"http:\/\/umtykocin.pl\/mieszkaniec\/wp-json\/wp\/v2\/users\/10004"}],"replies":[{"embeddable":true,"href":"http:\/\/umtykocin.pl\/mieszkaniec\/wp-json\/wp\/v2\/comments?post=8253"}],"version-history":[{"count":4,"href":"http:\/\/umtykocin.pl\/mieszkaniec\/wp-json\/wp\/v2\/pages\/8253\/revisions"}],"predecessor-version":[{"id":10317,"href":"http:\/\/umtykocin.pl\/mieszkaniec\/wp-json\/wp\/v2\/pages\/8253\/revisions\/10317"}],"up":[{"embeddable":true,"href":"http:\/\/umtykocin.pl\/mieszkaniec\/wp-json\/wp\/v2\/pages\/997"}],"wp:attachment":[{"href":"http:\/\/umtykocin.pl\/mieszkaniec\/wp-json\/wp\/v2\/media?parent=8253"}],"curies":[{"name":"wp","href":"https:\/\/api.w.org\/{rel}","templated":true}]}}