{"id":944,"date":"2019-07-18T12:50:20","date_gmt":"2019-07-18T10:50:20","guid":{"rendered":"http:\/\/umtykocin.pl\/mieszkaniec\/?page_id=944"},"modified":"2023-09-29T13:45:55","modified_gmt":"2023-09-29T11:45:55","slug":"city-council","status":"publish","type":"page","link":"http:\/\/umtykocin.pl\/mieszkaniec\/en\/city-council\/","title":{"rendered":"City Council"},"content":{"rendered":"<p>[et_pb_section fb_built=&#8221;1&#8243; admin_label=&#8221;Pierwszy baner&#8221; module_class=&#8221;high-contrast&#8221; _builder_version=&#8221;4.3.4&#8243; custom_margin=&#8221;|||&#8221; custom_padding=&#8221;0px|0px||0px||&#8221; global_module=&#8221;1295&#8243; collapsed=&#8221;off&#8221;][et_pb_row _builder_version=&#8221;3.25.2&#8243; width=&#8221;100%&#8221; module_alignment=&#8221;center&#8221; custom_margin=&#8221;|0px||0px&#8221; collapsed=&#8221;off&#8221;][et_pb_column type=&#8221;4_4&#8243; _builder_version=&#8221;3.25.2&#8243; custom_padding=&#8221;0px|0px|0px|0px&#8221;][et_pb_gallery gallery_ids=&#8221;1384,1383,1385,1379,2124,2123,2122,2121,2120,2119,2118,2125,2127,2117,2116,2110&#8243; gallery_orderby=&#8221;rand&#8221; fullwidth=&#8221;on&#8221; _builder_version=&#8221;4.5.3&#8243; module_alignment=&#8221;center&#8221; height_tablet=&#8221;&#8221; height_phone=&#8221;&#8221; height_last_edited=&#8221;on|desktop&#8221; max_height=&#8221;500px&#8221;][\/et_pb_gallery][\/et_pb_column][\/et_pb_row][\/et_pb_section][et_pb_section fb_built=&#8221;1&#8243; admin_label=&#8221;Rada miejska&#8221; module_class=&#8221;high-contrast&#8221; _builder_version=&#8221;3.26.1&#8243; collapsed=&#8221;off&#8221;][et_pb_row column_structure=&#8221;2_3,1_3&#8243; _builder_version=&#8221;3.25.2&#8243;][et_pb_column type=&#8221;2_3&#8243; _builder_version=&#8221;3.25.2&#8243;][et_pb_text admin_label=&#8221;Rada Miejska&#8221; _builder_version=&#8221;4.5.3&#8243; text_font=&#8221;Lato||||||||&#8221; text_font_size=&#8221;1.6em&#8221; hover_enabled=&#8221;0&#8243;]<\/p>\n<p style=\"text-align: center\"><strong>City Council<br \/>\n<\/strong><\/p>\n<p>[\/et_pb_text][et_pb_text admin_label=&#8221;Lista&#8221; _builder_version=&#8221;4.5.3&#8243; text_font=&#8221;Lato|300|||||||&#8221; text_font_size=&#8221;1.4em&#8221; text_orientation=&#8221;justify&#8221; hover_enabled=&#8221;0&#8243; text_text_align=&#8221;justify&#8221;]<\/p>\n<table style=\"height: auto;width: auto;margin-left: auto;margin-right: auto\" border=\"1\">\n<tbody>\n<tr>\n<td style=\"width: 220px;text-align: center\">Renata Kami\u0144ska &#8211; Chairwoman of City Council<\/td>\n<td style=\"width: 633px;text-align: center\">Part of Tykocin city, which includes streets: Puchalskiego, Gaszto\u0142da, Glogera, G\u00f3rnickiego, Klasztorna, Jana Kochanowskiego, Wiesio\u0142owskiego, Choroszcza\u0144ska, Jordyka<\/td>\n<\/tr>\n<tr style=\"text-align: center\">\n<td style=\"width: 220px\">Emil Weso\u0142owski<\/td>\n<td style=\"width: 633px\">Part of Tykocin city, which includes streets: Ogrodowa, Po\u015bwi\u0119tna, 11 Listopada, Zacerkiewna, Szkolna, Zagumienna, Tykocin kolonia Nowe Miasto, Tykocin kolonia Kaczorowo<\/td>\n<\/tr>\n<tr style=\"text-align: center\">\n<td style=\"width: 220px\">Jaros\u0142aw Malinowski<\/td>\n<td style=\"width: 633px\">Part of Tykocin city, which includes streets: Bernardy\u0144ska, Stary Rynek, Z\u0142ota, Soko\u0142owska, Holendry, Kozia, Kombatant\u00f3w, Piekarska, Nadkanalna<\/td>\n<\/tr>\n<tr style=\"text-align: center\">\n<td style=\"width: 220px\">Arkadiusz Kwiatkowski<\/td>\n<td style=\"width: 633px\">Part of Tykocin city, which includes streets: Plac Czarnieckiego, Browarna, Zatylna, J\u00f3zefa Pi\u0142sudskiego, Kaczorowska<\/td>\n<\/tr>\n<tr style=\"text-align: center\">\n<td style=\"width: 220px\">Mariola Malinowska<\/td>\n<td style=\"width: 633px\">Sierki<\/td>\n<\/tr>\n<tr style=\"text-align: center\">\n<td style=\"width: 220px\">Kamil Kurowski<\/td>\n<td style=\"width: 633px\">Broniszewo, Stelmachowo, kol. Stelmachowo<\/td>\n<\/tr>\n<tr style=\"text-align: center\">\n<td style=\"width: 220px\">Miko\u0142aj Sok\u00f3lski &#8211; Vice-Chairman of City Council<\/td>\n<td style=\"width: 633px\">Hermany, \u0141opuchowo, Nieciece, Kiermusy<\/td>\n<\/tr>\n<tr style=\"text-align: center\">\n<td style=\"width: 220px\">Agnieszka Nieciecka<\/td>\n<td style=\"width: 633px\">Kapice Stare, Kapice Lipinki, Je\u017cewo Stare, Je\u017cewo Nowe<\/td>\n<\/tr>\n<tr style=\"text-align: center\">\n<td style=\"width: 220px\">Ma\u0142gorzata Nartowicz<\/td>\n<td style=\"width: 633px\">Le\u015bniki, Rz\u0119dziany<\/td>\n<\/tr>\n<tr style=\"text-align: center\">\n<td style=\"width: 220px\">Dariusz Grudzi\u0144ski<\/td>\n<td style=\"width: 633px\">Pajewo, Radule<\/td>\n<\/tr>\n<tr style=\"text-align: center\">\n<td style=\"width: 220px\">Stanis\u0142aw Rogalewski<\/td>\n<td style=\"width: 633px\">Saniki, Sawino<\/td>\n<\/tr>\n<tr style=\"text-align: center\">\n<td style=\"width: 220px\">Krzysztof Korzi\u0144ski<\/td>\n<td style=\"width: 633px\">Ki\u015blaki, Krosno, \u0141azy Du\u017ce, \u0141azy Ma\u0142e, S\u0142omianka, Szafranki<\/td>\n<\/tr>\n<tr style=\"text-align: center\">\n<td style=\"width: 220px\">Roman Klimaszewski<\/td>\n<td style=\"width: 633px\">Tatary, Piski, \u0141aziuki, \u017buki<\/td>\n<\/tr>\n<tr style=\"text-align: center\">\n<td style=\"width: 220px\">Antoni Janusz Sowi\u0144ski<\/td>\n<td style=\"width: 633px\">Bagienki, Dobki, Lipniki, Popowlany<\/td>\n<\/tr>\n<tr style=\"text-align: center\">\n<td style=\"width: 220px\">Piotr Potocki<\/td>\n<td style=\"width: 633px\">Siekierki<\/td>\n<\/tr>\n<\/tbody>\n<\/table>\n<p>&nbsp;<\/p>\n<p>[\/et_pb_text][\/et_pb_column][et_pb_column type=&#8221;1_3&#8243; _builder_version=&#8221;3.25.2&#8243;][et_pb_sidebar orientation=&#8221;right&#8221; show_border=&#8221;off&#8221; _builder_version=&#8221;3.25.3&#8243; header_font=&#8221;|700|||||||&#8221; text_orientation=&#8221;left&#8221;][\/et_pb_sidebar][\/et_pb_column][\/et_pb_row][\/et_pb_section][et_pb_section fb_built=&#8221;1&#8243; admin_label=&#8221;Log\u00f3wki partnerzy&#8221; module_class=&#8221;high-contrast&#8221; _builder_version=&#8221;3.26.1&#8243; custom_padding=&#8221;0px|||||&#8221; collapsed=&#8221;on&#8221;][et_pb_row _builder_version=&#8221;3.25.2&#8243; width=&#8221;100%&#8221;][et_pb_column type=&#8221;4_4&#8243; _builder_version=&#8221;3.25.2&#8243;][et_pb_code _builder_version=&#8221;3.25.2&#8243;]\n\t\t<style>\n\t\t\t#wpls-logo-showcase-slider-1 .wpls-fix-box,\n\t\t\t#wpls-logo-showcase-slider-1 .wpls-fix-box img.wp-post-image{max-height:250px; }\n\t\t<\/style>\n\n\t\t<div class=\"wpls-wrap wpls-logo-showcase-slider-wrp wpls-logo-clearfix wpls-design-1 \" data-conf=\"{&quot;slides_column&quot;:&quot;4&quot;,&quot;slides_scroll&quot;:1,&quot;dots&quot;:&quot;false&quot;,&quot;arrows&quot;:&quot;false&quot;,&quot;autoplay&quot;:&quot;true&quot;,&quot;autoplay_interval&quot;:&quot;2000&quot;,&quot;loop&quot;:&quot;true&quot;,&quot;rtl&quot;:&quot;false&quot;,&quot;speed&quot;:800,&quot;center_mode&quot;:&quot;false&quot;,&quot;lazyload&quot;:&quot;&quot;}\">\n\t\t\t<div class=\"wpls-logo-showcase logo_showcase wpls-logo-slider  sliderimage_hide_border wpls-dots-false\" id=\"wpls-logo-showcase-slider-1\" >\n\t\t\t\t<div class=\"wpls-logo-cnt\">\n\t<div class=\"wpls-fix-box\">\n\t\t\t\t<a href=\"https:\/\/www.bialystok.uw.gov.pl\/Wojewoda\" target=\"_self\">\n\t\t\t<img decoding=\"async\" class=\"wp-post-image\"  src=\"http:\/\/umtykocin.pl\/mieszkaniec\/wp-content\/uploads\/sites\/4\/2019\/06\/logo_wojewoda_podlaski.jpg\" alt=\"\" \/>\n\t\t<\/a>\n\t\t\t<\/div>\n\t<\/div><div class=\"wpls-logo-cnt\">\n\t<div class=\"wpls-fix-box\">\n\t\t\t\t<a href=\"http:\/\/www.powiatbialostocki.pl\/\" target=\"_self\">\n\t\t\t<img decoding=\"async\" class=\"wp-post-image\"  src=\"http:\/\/umtykocin.pl\/mieszkaniec\/wp-content\/uploads\/sites\/4\/2019\/06\/logo_powiat_bialostocki.jpg\" alt=\"\" \/>\n\t\t<\/a>\n\t\t\t<\/div>\n\t<\/div><div class=\"wpls-logo-cnt\">\n\t<div class=\"wpls-fix-box\">\n\t\t\t\t<a href=\"https:\/\/www.facebook.com\/wojpodlaskie\/\" target=\"_self\">\n\t\t\t<img decoding=\"async\" class=\"wp-post-image\"  src=\"http:\/\/umtykocin.pl\/mieszkaniec\/wp-content\/uploads\/sites\/4\/2019\/06\/logo_wrota_podlasia.jpg\" alt=\"\" \/>\n\t\t<\/a>\n\t\t\t<\/div>\n\t<\/div><div class=\"wpls-logo-cnt\">\n\t<div class=\"wpls-fix-box\">\n\t\t\t\t<a href=\"http:\/\/greenvelo.pl\/\" target=\"_self\">\n\t\t\t<img decoding=\"async\" class=\"wp-post-image\"  src=\"http:\/\/umtykocin.pl\/mieszkaniec\/wp-content\/uploads\/sites\/4\/2019\/06\/logo_green_velo.jpg\" alt=\"\" \/>\n\t\t<\/a>\n\t\t\t<\/div>\n\t<\/div><div class=\"wpls-logo-cnt\">\n\t<div class=\"wpls-fix-box\">\n\t\t\t\t<a href=\"https:\/\/epuap.gov.pl\/\" target=\"_self\">\n\t\t\t<img decoding=\"async\" class=\"wp-post-image\"  src=\"http:\/\/umtykocin.pl\/mieszkaniec\/wp-content\/uploads\/sites\/4\/2019\/06\/logo_epuap.jpg\" alt=\"\" \/>\n\t\t<\/a>\n\t\t\t<\/div>\n\t<\/div><div class=\"wpls-logo-cnt\">\n\t<div class=\"wpls-fix-box\">\n\t\t\t\t<img decoding=\"async\" class=\"wp-post-image\"  src=\"http:\/\/umtykocin.pl\/mieszkaniec\/wp-content\/uploads\/sites\/4\/2019\/06\/logo_burmistrz_tykocina.jpg\" alt=\"\" \/>\n\t\t\t<\/div>\n\t<\/div><div class=\"wpls-logo-cnt\">\n\t<div class=\"wpls-fix-box\">\n\t\t\t\t<a href=\"http:\/\/bip.um.tykocin.wrotapodlasia.pl\/\" target=\"_self\">\n\t\t\t<img decoding=\"async\" class=\"wp-post-image\"  src=\"http:\/\/umtykocin.pl\/mieszkaniec\/wp-content\/uploads\/sites\/4\/2020\/06\/Herb-1024x645-1.jpg\" alt=\"\" \/>\n\t\t<\/a>\n\t\t\t<\/div>\n\t<\/div><div class=\"wpls-logo-cnt\">\n\t<div class=\"wpls-fix-box\">\n\t\t\t\t<a href=\"http:\/\/umtykocin.pl\/mieszkaniec\/urzad-miejski\/interreg\/\" target=\"_self\">\n\t\t\t<img decoding=\"async\" class=\"wp-post-image\"  src=\"http:\/\/umtykocin.pl\/mieszkaniec\/wp-content\/uploads\/sites\/4\/2020\/07\/interreg_1.jpg\" alt=\"\" \/>\n\t\t<\/a>\n\t\t\t<\/div>\n\t<\/div><div class=\"wpls-logo-cnt\">\n\t<div class=\"wpls-fix-box\">\n\t\t\t\t<a href=\"https:\/\/www.podlaskie.kas.gov.pl\/izba-administracji-skarbowej-w-bialymstoku\/wiadomosci\/aktualnosci\/-\/asset_publisher\/JS3r\/content\/zalatwiaj-swoje-sprawy-przez-e-urzad-skarbowy-a-wizyte-w-urzedzie-umawiaj-na-podatki-gov-pl?redirect=https%3A%2F%2Fwww.podlaskie.kas.gov.pl%2Fizba-administracji-skarbowej-w-bialymstoku%2Fwiadomosci%2Faktualnosci%3Fp_p_id%3D101_INSTANCE_JS3r%26p_p_lifecycle%3D0%26p_p_state%3Dnormal%26p_p_mode%3Dview%26p_p_col_id%3Dcolumn-2%26p_p_col_count%3D1%26_101_INSTANCE_JS3r_advancedSearch%3Dfalse%26_101_INSTANCE_JS3r_keywords%3D%26_101_INSTANCE_JS3r_delta%3D8%26_101_INSTANCE_JS3r_cur%3D2%26_101_INSTANCE_JS3r_andOperator%3Dtrue#p_p_id_101_INSTANCE_JS3r_\" target=\"_self\">\n\t\t\t<img decoding=\"async\" class=\"wp-post-image\"  src=\"http:\/\/umtykocin.pl\/mieszkaniec\/wp-content\/uploads\/sites\/4\/2021\/04\/eUS_mix_ost9.jpg\" alt=\"\" \/>\n\t\t<\/a>\n\t\t\t<\/div>\n\t<\/div><div class=\"wpls-logo-cnt\">\n\t<div class=\"wpls-fix-box\">\n\t\t\t\t<a href=\"http:\/\/umtykocin.pl\/mieszkaniec\/urzad-miejski\/wazne-adresy\/aplikacja-lupe\/\" target=\"_self\">\n\t\t\t<img decoding=\"async\" class=\"wp-post-image\"  src=\"http:\/\/umtykocin.pl\/mieszkaniec\/wp-content\/uploads\/sites\/4\/2022\/07\/ipodlaskie.jpg\" alt=\"\" \/>\n\t\t<\/a>\n\t\t\t<\/div>\n\t<\/div><div class=\"wpls-logo-cnt\">\n\t<div class=\"wpls-fix-box\">\n\t\t\t\t<a href=\"https:\/\/gis.ipodlaskie.pl\/tykocin\" target=\"_self\">\n\t\t\t<img decoding=\"async\" class=\"wp-post-image\"  src=\"http:\/\/umtykocin.pl\/mieszkaniec\/wp-content\/uploads\/sites\/4\/2024\/10\/gison.jpg\" alt=\"\" \/>\n\t\t<\/a>\n\t\t\t<\/div>\n\t<\/div>\t\t\t<\/div>\n\t\t<\/div>\n\n\t\t[\/et_pb_code][\/et_pb_column][\/et_pb_row][\/et_pb_section]<\/p>\n","protected":false},"excerpt":{"rendered":"<p>[et_pb_section fb_built=&#8221;1&#8243; admin_label=&#8221;Pierwszy baner&#8221; module_class=&#8221;high-contrast&#8221; _builder_version=&#8221;4.3.4&#8243; custom_margin=&#8221;|||&#8221; custom_padding=&#8221;0px|0px||0px||&#8221; global_module=&#8221;1295&#8243; collapsed=&#8221;off&#8221;][et_pb_row _builder_version=&#8221;3.25.2&#8243; width=&#8221;100%&#8221; module_alignment=&#8221;center&#8221; custom_margin=&#8221;|0px||0px&#8221; collapsed=&#8221;off&#8221;][et_pb_column type=&#8221;4_4&#8243; _builder_version=&#8221;3.25.2&#8243; custom_padding=&#8221;0px|0px|0px|0px&#8221;][et_pb_gallery gallery_ids=&#8221;1384,1383,1385,1379,2124,2123,2122,2121,2120,2119,2118,2125,2127,2117,2116,2110&#8243; gallery_orderby=&#8221;rand&#8221; fullwidth=&#8221;on&#8221; _builder_version=&#8221;4.5.3&#8243; module_alignment=&#8221;center&#8221; height_tablet=&#8221;&#8221; height_phone=&#8221;&#8221; height_last_edited=&#8221;on|desktop&#8221; max_height=&#8221;500px&#8221;][\/et_pb_gallery][\/et_pb_column][\/et_pb_row][\/et_pb_section][et_pb_section fb_built=&#8221;1&#8243; admin_label=&#8221;Rada miejska&#8221; module_class=&#8221;high-contrast&#8221; _builder_version=&#8221;3.26.1&#8243; collapsed=&#8221;off&#8221;][et_pb_row column_structure=&#8221;2_3,1_3&#8243; _builder_version=&#8221;3.25.2&#8243;][et_pb_column type=&#8221;2_3&#8243; _builder_version=&#8221;3.25.2&#8243;][et_pb_text admin_label=&#8221;Rada Miejska&#8221; _builder_version=&#8221;4.5.3&#8243; text_font=&#8221;Lato||||||||&#8221; text_font_size=&#8221;1.6em&#8221; hover_enabled=&#8221;0&#8243;] City Council [\/et_pb_text][et_pb_text admin_label=&#8221;Lista&#8221; _builder_version=&#8221;4.5.3&#8243; text_font=&#8221;Lato|300|||||||&#8221; text_font_size=&#8221;1.4em&#8221; text_orientation=&#8221;justify&#8221; hover_enabled=&#8221;0&#8243; text_text_align=&#8221;justify&#8221;] Renata Kami\u0144ska [&hellip;]<\/p>\n","protected":false},"author":1,"featured_media":0,"parent":0,"menu_order":0,"comment_status":"closed","ping_status":"closed","template":"","meta":{"_et_pb_use_builder":"on","_et_pb_old_content":"","_et_gb_content_width":"","cybocfi_hide_featured_image":"","footnotes":""},"class_list":["post-944","page","type-page","status-publish","hentry","high-contrast"],"_links":{"self":[{"href":"http:\/\/umtykocin.pl\/mieszkaniec\/wp-json\/wp\/v2\/pages\/944","targetHints":{"allow":["GET"]}}],"collection":[{"href":"http:\/\/umtykocin.pl\/mieszkaniec\/wp-json\/wp\/v2\/pages"}],"about":[{"href":"http:\/\/umtykocin.pl\/mieszkaniec\/wp-json\/wp\/v2\/types\/page"}],"author":[{"embeddable":true,"href":"http:\/\/umtykocin.pl\/mieszkaniec\/wp-json\/wp\/v2\/users\/1"}],"replies":[{"embeddable":true,"href":"http:\/\/umtykocin.pl\/mieszkaniec\/wp-json\/wp\/v2\/comments?post=944"}],"version-history":[{"count":7,"href":"http:\/\/umtykocin.pl\/mieszkaniec\/wp-json\/wp\/v2\/pages\/944\/revisions"}],"predecessor-version":[{"id":9237,"href":"http:\/\/umtykocin.pl\/mieszkaniec\/wp-json\/wp\/v2\/pages\/944\/revisions\/9237"}],"wp:attachment":[{"href":"http:\/\/umtykocin.pl\/mieszkaniec\/wp-json\/wp\/v2\/media?parent=944"}],"curies":[{"name":"wp","href":"https:\/\/api.w.org\/{rel}","templated":true}]}}