{"id":970,"date":"2019-07-18T13:37:01","date_gmt":"2019-07-18T11:37:01","guid":{"rendered":"http:\/\/umtykocin.pl\/mieszkaniec\/?page_id=970"},"modified":"2026-02-24T12:48:53","modified_gmt":"2026-02-24T11:48:53","slug":"sport","status":"publish","type":"page","link":"http:\/\/umtykocin.pl\/mieszkaniec\/sport\/","title":{"rendered":"Sport"},"content":{"rendered":"<p>[et_pb_section fb_built=&#8221;1&#8243; admin_label=&#8221;Pierwszy baner&#8221; module_class=&#8221;high-contrast&#8221; _builder_version=&#8221;3.26.3&#8243; custom_margin=&#8221;|||&#8221; custom_padding=&#8221;0px|0px|0px|0px||&#8221; global_module=&#8221;1257&#8243; saved_tabs=&#8221;all&#8221; collapsed=&#8221;off&#8221;][et_pb_row _builder_version=&#8221;3.26.3&#8243; width=&#8221;100%&#8221; module_alignment=&#8221;center&#8221; custom_margin=&#8221;|0px||0px&#8221; collapsed=&#8221;on&#8221;][et_pb_column type=&#8221;4_4&#8243; _builder_version=&#8221;3.26.3&#8243;][\/et_pb_column][\/et_pb_row][\/et_pb_section][et_pb_section fb_built=&#8221;1&#8243; disabled_on=&#8221;on|on|on&#8221; admin_label=&#8221;Pierwszy baner&#8221; module_class=&#8221;high-contrast&#8221; _builder_version=&#8221;3.26.3&#8243; custom_margin=&#8221;|||&#8221; custom_padding=&#8221;0px|0px||0px||&#8221; disabled=&#8221;on&#8221; collapsed=&#8221;off&#8221;][et_pb_row _builder_version=&#8221;3.25.2&#8243; width=&#8221;100%&#8221; module_alignment=&#8221;center&#8221; custom_margin=&#8221;|0px||0px&#8221;][et_pb_column type=&#8221;4_4&#8243; _builder_version=&#8221;3.25.2&#8243; custom_padding=&#8221;0px|0px|0px|0px&#8221;][et_pb_slider show_arrows=&#8221;off&#8221; use_bg_overlay=&#8221;off&#8221; use_text_overlay=&#8221;off&#8221; dot_nav_custom_color=&#8221;#ae4682&#8243; admin_label=&#8221;Banery&#8221; _builder_version=&#8221;3.26.3&#8243; height=&#8221;250px&#8221; custom_margin=&#8221;|0px||0px&#8221; auto=&#8221;on&#8221;][et_pb_slide url_new_window=&#8221;on&#8221; _builder_version=&#8221;3.26.3&#8243; header_font=&#8221;||||||||&#8221; header_font_size=&#8221;30px&#8221; background_color=&#8221;#ffffff&#8221; background_enable_color=&#8221;on&#8221; background_image=&#8221;http:\/\/umtykocin.pl\/mieszkaniec\/wp-content\/uploads\/sites\/4\/2019\/06\/baner_1100x250px_2.jpg&#8221; background_size=&#8221;contain&#8221; custom_padding=&#8221;125px||&#8221;][\/et_pb_slide][et_pb_slide _builder_version=&#8221;3.26.3&#8243; background_color=&#8221;#ffffff&#8221; background_enable_color=&#8221;on&#8221; background_image=&#8221;http:\/\/umtykocin.pl\/mieszkaniec\/wp-content\/uploads\/sites\/4\/2019\/06\/baner_1100x250px_1.jpg&#8221; background_size=&#8221;contain&#8221;][\/et_pb_slide][\/et_pb_slider][\/et_pb_column][\/et_pb_row][\/et_pb_section][et_pb_section fb_built=&#8221;1&#8243; admin_label=&#8221;Sekcja g\u0142\u00f3wna&#8221; module_class=&#8221;high-contrast&#8221; _builder_version=&#8221;3.26.1&#8243; collapsed=&#8221;off&#8221;][et_pb_row column_structure=&#8221;2_3,1_3&#8243; _builder_version=&#8221;3.25.3&#8243;][et_pb_column type=&#8221;2_3&#8243; _builder_version=&#8221;3.25.3&#8243;][et_pb_text admin_label=&#8221;Przyk\u0142adowy nag\u0142\u00f3wek&#8221; _builder_version=&#8221;4.0.9&#8243; text_font=&#8221;Lato||||||||&#8221; text_font_size=&#8221;1.6em&#8221; text_line_height=&#8221;1.6em&#8221; header_font=&#8221;||||||||&#8221;]<\/p>\n<p style=\"text-align: center\"><strong>Klub pi\u0142karski \u201eHetman Tykocin\u201d<\/strong><\/p>\n<p>[\/et_pb_text][et_pb_divider color=&#8221;#ae4682&#8243; divider_weight=&#8221;3px&#8221; _builder_version=&#8221;3.25.2&#8243;][\/et_pb_divider][et_pb_image src=&#8221;http:\/\/umtykocin.pl\/mieszkaniec\/wp-content\/uploads\/sites\/4\/2020\/03\/Hetman-Tykocin-dru\u017cyna.jpg&#8221; _builder_version=&#8221;4.3.4&#8243;][\/et_pb_image][et_pb_divider color=&#8221;#ae4682&#8243; divider_weight=&#8221;3px&#8221; _builder_version=&#8221;3.25.2&#8243;][\/et_pb_divider][et_pb_text admin_label=&#8221;Przyk\u0142adowy tekst&#8221; _builder_version=&#8221;4.3.4&#8243; text_font=&#8221;Lato|300|||||||&#8221; text_font_size=&#8221;1.5em&#8221; text_line_height=&#8221;3em&#8221; text_orientation=&#8221;justify&#8221; text_text_align=&#8221;justify&#8221;]<\/p>\n<h3 style=\"text-align: center\"><strong>Godziny trening\u00f3w:<\/strong><\/h3>\n<p>&nbsp;<\/p>\n<h3 style=\"text-align: left\">Roczniki 2008-2010 &#8211; poniedzia\u0142ki i \u015brody, 18.15-19.30, trener: Andrzej Pogorzelski, zapisy: tel. 604337195, hala sportowa ZSiP w Tykocinie<\/h3>\n<p>&nbsp;<\/p>\n<h3 style=\"text-align: left\">Roczniki 2011 i m\u0142odsi &#8211; poniedzia\u0142ki i \u015brody, 17:00-18:15, trener: Karol Kurzyna, zapisy: tel. 663434158, hala sportowa ZSiP w Tykocinie.<\/h3>\n<p>&nbsp;<\/p>\n<h3 style=\"text-align: center\"><strong>Oficjalna strona klubu na facebooku <a href=\"https:\/\/www.facebook.com\/Hetman2019Tykocin\/?__xts__[0]=68.ARC77iOSb8JcyzWGc-qilayzWTBuGX2_2EIh5jNy8-3Qxpp8XKTJqXeRxTuAidZ1e65qKRxk0J9Z2boJ2f_PM-ga3HEbxNf8ZHcroL5BC16FLV96okdanUzt3SaBVnkIz8q8CE18bb5d3wE4WyAPzH8pPtS-s7M2X4b_tMB8sjy6vIzUx18Ft3Dt7xhPXIIFUQWcB4aBz3ZOc46XvTPDxopkjeQOkn4FIcekr1C9Cd8Uq3c-mpJZqnE4IcAdFGU8bKnG0OPen35Otcymhzjd6-P7IXRrpYP-xZ525c_m9IRSs9H7kPq871er7t0pwZxLQ_Z_uodXkjWn1FFq1gy21kktLQ&amp;__xts__[1]=68.ARAGqtBxAi6cQWPJzkTO2NfV7K6b0t17ttImWRyuBTJxjePDaQz-ufdPn0oAyzYJ2tcsp7_D0yhvcev7FWd8pv62VYHmeBZGLE1EgsI2zsJVk7kZi6plZ4_AMeqOhHWf2ZrDTIUxFg8paaLtijucZijLnFdxVKFTIT5zKP4ijt22pHGtcJsmcuiJeIO6Hly_N_Bf9WbnJ10Qzx92lcBV-b9Q0PEdRo3i86DSF2sp65E2lRUlagF726xIsvqIIqkpnKTSqkgzS8gDPTgX_hzDY2KDxoZXq1AB-HaauEbBkXWqwytHRZTFl_FIQWU0mleSZNJ6YxNEAYrE7ME_g_n76phM7Q&amp;hc_ref=ARQ_m-YXNArg-ELm6EJKJon7Cq3b9EICoe0i4kezjTe0szRZzd-xueIsZt4GjdbyjO0&amp;ref=nf_target&amp;__tn__=kC-R\" target=\"_blank\" rel=\"noopener noreferrer\">Hetman Tykocin<\/a>.<\/strong><\/h3>\n<p>&nbsp;<\/p>\n<h3 style=\"text-align: center\"><strong>Adres email: hetman2019tykocin@gmail.com<\/strong><\/h3>\n<h3 style=\"text-align: center\"><strong>Telefon kontaktowy: 665 660 061<\/strong><\/h3>\n<p>&nbsp;<\/p>\n<p>[\/et_pb_text][et_pb_divider color=&#8221;#ae4682&#8243; divider_weight=&#8221;3px&#8221; _builder_version=&#8221;3.25.2&#8243;][\/et_pb_divider][et_pb_gallery gallery_ids=&#8221;2347,2348,2349,2798&#8243; _builder_version=&#8221;4.3.4&#8243;][\/et_pb_gallery][et_pb_divider color=&#8221;#ae4682&#8243; divider_weight=&#8221;3px&#8221; _builder_version=&#8221;3.25.2&#8243;][\/et_pb_divider][et_pb_text _builder_version=&#8221;4.3.4&#8243;]<\/p>\n<h1 style=\"text-align: center\"><strong>Biosko w Tykocinie<\/strong><\/h1>\n<p>[\/et_pb_text][et_pb_gallery gallery_ids=&#8221;2492,2493,2494,2495&#8243; _builder_version=&#8221;4.0.9&#8243;][\/et_pb_gallery][et_pb_divider color=&#8221;#ae4682&#8243; divider_weight=&#8221;3px&#8221; _builder_version=&#8221;3.25.2&#8243;][\/et_pb_divider][et_pb_text _builder_version=&#8221;4.5.3&#8243; _module_preset=&#8221;default&#8221;]<\/p>\n<h3 style=\"text-align: center\"><strong>Turniej pi\u0142ki no\u017cnej, siatkowej w Stelmachowie 2 sierpnia 2020 r.<\/strong><\/h3>\n<p>[\/et_pb_text][et_pb_image src=&#8221;http:\/\/umtykocin.pl\/mieszkaniec\/wp-content\/uploads\/sites\/4\/2020\/08\/117222263_1218475178487638_3134005269530863990_o.jpg&#8221; _builder_version=&#8221;4.5.3&#8243; _module_preset=&#8221;default&#8221;][\/et_pb_image][et_pb_image src=&#8221;http:\/\/umtykocin.pl\/mieszkaniec\/wp-content\/uploads\/sites\/4\/2020\/08\/117062897_1216325492035940_8230741250366686414_n.jpg&#8221; _builder_version=&#8221;4.5.3&#8243; _module_preset=&#8221;default&#8221;][\/et_pb_image][et_pb_image src=&#8221;http:\/\/umtykocin.pl\/mieszkaniec\/wp-content\/uploads\/sites\/4\/2020\/08\/116881851_1216325608702595_1933455645519425651_n.jpg&#8221; _builder_version=&#8221;4.5.3&#8243; _module_preset=&#8221;default&#8221;][\/et_pb_image][et_pb_divider color=&#8221;#ae4682&#8243; divider_weight=&#8221;3px&#8221; _builder_version=&#8221;3.25.2&#8243;][\/et_pb_divider][\/et_pb_column][et_pb_column type=&#8221;1_3&#8243; _builder_version=&#8221;3.25.2&#8243;][et_pb_sidebar orientation=&#8221;right&#8221; show_border=&#8221;off&#8221; _builder_version=&#8221;3.25.3&#8243; header_font=&#8221;|700|||||||&#8221; header_font_size=&#8221;1.4em&#8221; text_orientation=&#8221;left&#8221;][\/et_pb_sidebar][\/et_pb_column][\/et_pb_row][\/et_pb_section][et_pb_section fb_built=&#8221;1&#8243; admin_label=&#8221;Log\u00f3wki partnerzy&#8221; module_class=&#8221;high-contrast&#8221; _builder_version=&#8221;3.26.1&#8243; custom_padding=&#8221;0px|||||&#8221; collapsed=&#8221;on&#8221;][et_pb_row _builder_version=&#8221;3.25.2&#8243; width=&#8221;100%&#8221;][et_pb_column type=&#8221;4_4&#8243; _builder_version=&#8221;3.25.2&#8243;][et_pb_code _builder_version=&#8221;3.25.2&#8243;]\n\t\t<style>\n\t\t\t#wpls-logo-showcase-slider-1 .wpls-fix-box,\n\t\t\t#wpls-logo-showcase-slider-1 .wpls-fix-box img.wp-post-image{max-height:250px; }\n\t\t<\/style>\n\n\t\t<div class=\"wpls-wrap wpls-logo-showcase-slider-wrp wpls-logo-clearfix wpls-design-1 \" data-conf=\"{&quot;slides_column&quot;:&quot;4&quot;,&quot;slides_scroll&quot;:1,&quot;dots&quot;:&quot;false&quot;,&quot;arrows&quot;:&quot;false&quot;,&quot;autoplay&quot;:&quot;true&quot;,&quot;autoplay_interval&quot;:&quot;2000&quot;,&quot;loop&quot;:&quot;true&quot;,&quot;rtl&quot;:&quot;false&quot;,&quot;speed&quot;:800,&quot;center_mode&quot;:&quot;false&quot;,&quot;lazyload&quot;:&quot;&quot;}\">\n\t\t\t<div class=\"wpls-logo-showcase logo_showcase wpls-logo-slider  sliderimage_hide_border wpls-dots-false\" id=\"wpls-logo-showcase-slider-1\" >\n\t\t\t\t<div class=\"wpls-logo-cnt\">\n\t<div class=\"wpls-fix-box\">\n\t\t\t\t<a href=\"https:\/\/www.bialystok.uw.gov.pl\/Wojewoda\" target=\"_self\">\n\t\t\t<img decoding=\"async\" class=\"wp-post-image\"  src=\"http:\/\/umtykocin.pl\/mieszkaniec\/wp-content\/uploads\/sites\/4\/2019\/06\/logo_wojewoda_podlaski.jpg\" alt=\"\" \/>\n\t\t<\/a>\n\t\t\t<\/div>\n\t<\/div><div class=\"wpls-logo-cnt\">\n\t<div class=\"wpls-fix-box\">\n\t\t\t\t<a href=\"http:\/\/www.powiatbialostocki.pl\/\" target=\"_self\">\n\t\t\t<img decoding=\"async\" class=\"wp-post-image\"  src=\"http:\/\/umtykocin.pl\/mieszkaniec\/wp-content\/uploads\/sites\/4\/2019\/06\/logo_powiat_bialostocki.jpg\" alt=\"\" \/>\n\t\t<\/a>\n\t\t\t<\/div>\n\t<\/div><div class=\"wpls-logo-cnt\">\n\t<div class=\"wpls-fix-box\">\n\t\t\t\t<a href=\"https:\/\/www.facebook.com\/wojpodlaskie\/\" target=\"_self\">\n\t\t\t<img decoding=\"async\" class=\"wp-post-image\"  src=\"http:\/\/umtykocin.pl\/mieszkaniec\/wp-content\/uploads\/sites\/4\/2019\/06\/logo_wrota_podlasia.jpg\" alt=\"\" \/>\n\t\t<\/a>\n\t\t\t<\/div>\n\t<\/div><div class=\"wpls-logo-cnt\">\n\t<div class=\"wpls-fix-box\">\n\t\t\t\t<a href=\"http:\/\/greenvelo.pl\/\" target=\"_self\">\n\t\t\t<img decoding=\"async\" class=\"wp-post-image\"  src=\"http:\/\/umtykocin.pl\/mieszkaniec\/wp-content\/uploads\/sites\/4\/2019\/06\/logo_green_velo.jpg\" alt=\"\" \/>\n\t\t<\/a>\n\t\t\t<\/div>\n\t<\/div><div class=\"wpls-logo-cnt\">\n\t<div class=\"wpls-fix-box\">\n\t\t\t\t<a href=\"https:\/\/epuap.gov.pl\/\" target=\"_self\">\n\t\t\t<img decoding=\"async\" class=\"wp-post-image\"  src=\"http:\/\/umtykocin.pl\/mieszkaniec\/wp-content\/uploads\/sites\/4\/2019\/06\/logo_epuap.jpg\" alt=\"\" \/>\n\t\t<\/a>\n\t\t\t<\/div>\n\t<\/div><div class=\"wpls-logo-cnt\">\n\t<div class=\"wpls-fix-box\">\n\t\t\t\t<img decoding=\"async\" class=\"wp-post-image\"  src=\"http:\/\/umtykocin.pl\/mieszkaniec\/wp-content\/uploads\/sites\/4\/2019\/06\/logo_burmistrz_tykocina.jpg\" alt=\"\" \/>\n\t\t\t<\/div>\n\t<\/div><div class=\"wpls-logo-cnt\">\n\t<div class=\"wpls-fix-box\">\n\t\t\t\t<a href=\"http:\/\/bip.um.tykocin.wrotapodlasia.pl\/\" target=\"_self\">\n\t\t\t<img decoding=\"async\" class=\"wp-post-image\"  src=\"http:\/\/umtykocin.pl\/mieszkaniec\/wp-content\/uploads\/sites\/4\/2020\/06\/Herb-1024x645-1.jpg\" alt=\"\" \/>\n\t\t<\/a>\n\t\t\t<\/div>\n\t<\/div><div class=\"wpls-logo-cnt\">\n\t<div class=\"wpls-fix-box\">\n\t\t\t\t<a href=\"http:\/\/umtykocin.pl\/mieszkaniec\/urzad-miejski\/interreg\/\" target=\"_self\">\n\t\t\t<img decoding=\"async\" class=\"wp-post-image\"  src=\"http:\/\/umtykocin.pl\/mieszkaniec\/wp-content\/uploads\/sites\/4\/2020\/07\/interreg_1.jpg\" alt=\"\" \/>\n\t\t<\/a>\n\t\t\t<\/div>\n\t<\/div><div class=\"wpls-logo-cnt\">\n\t<div class=\"wpls-fix-box\">\n\t\t\t\t<a href=\"https:\/\/www.podlaskie.kas.gov.pl\/izba-administracji-skarbowej-w-bialymstoku\/wiadomosci\/aktualnosci\/-\/asset_publisher\/JS3r\/content\/zalatwiaj-swoje-sprawy-przez-e-urzad-skarbowy-a-wizyte-w-urzedzie-umawiaj-na-podatki-gov-pl?redirect=https%3A%2F%2Fwww.podlaskie.kas.gov.pl%2Fizba-administracji-skarbowej-w-bialymstoku%2Fwiadomosci%2Faktualnosci%3Fp_p_id%3D101_INSTANCE_JS3r%26p_p_lifecycle%3D0%26p_p_state%3Dnormal%26p_p_mode%3Dview%26p_p_col_id%3Dcolumn-2%26p_p_col_count%3D1%26_101_INSTANCE_JS3r_advancedSearch%3Dfalse%26_101_INSTANCE_JS3r_keywords%3D%26_101_INSTANCE_JS3r_delta%3D8%26_101_INSTANCE_JS3r_cur%3D2%26_101_INSTANCE_JS3r_andOperator%3Dtrue#p_p_id_101_INSTANCE_JS3r_\" target=\"_self\">\n\t\t\t<img decoding=\"async\" class=\"wp-post-image\"  src=\"http:\/\/umtykocin.pl\/mieszkaniec\/wp-content\/uploads\/sites\/4\/2021\/04\/eUS_mix_ost9.jpg\" alt=\"\" \/>\n\t\t<\/a>\n\t\t\t<\/div>\n\t<\/div><div class=\"wpls-logo-cnt\">\n\t<div class=\"wpls-fix-box\">\n\t\t\t\t<a href=\"http:\/\/umtykocin.pl\/mieszkaniec\/urzad-miejski\/wazne-adresy\/aplikacja-lupe\/\" target=\"_self\">\n\t\t\t<img decoding=\"async\" class=\"wp-post-image\"  src=\"http:\/\/umtykocin.pl\/mieszkaniec\/wp-content\/uploads\/sites\/4\/2022\/07\/ipodlaskie.jpg\" alt=\"\" \/>\n\t\t<\/a>\n\t\t\t<\/div>\n\t<\/div><div class=\"wpls-logo-cnt\">\n\t<div class=\"wpls-fix-box\">\n\t\t\t\t<a href=\"https:\/\/gis.ipodlaskie.pl\/tykocin\" target=\"_self\">\n\t\t\t<img decoding=\"async\" class=\"wp-post-image\"  src=\"http:\/\/umtykocin.pl\/mieszkaniec\/wp-content\/uploads\/sites\/4\/2024\/10\/gison.jpg\" alt=\"\" \/>\n\t\t<\/a>\n\t\t\t<\/div>\n\t<\/div>\t\t\t<\/div>\n\t\t<\/div>\n\n\t\t[\/et_pb_code][\/et_pb_column][\/et_pb_row][\/et_pb_section]<\/p>\n","protected":false},"excerpt":{"rendered":"<p>[et_pb_section fb_built=&#8221;1&#8243; admin_label=&#8221;Pierwszy baner&#8221; module_class=&#8221;high-contrast&#8221; _builder_version=&#8221;3.26.3&#8243; custom_margin=&#8221;|||&#8221; custom_padding=&#8221;0px|0px|0px|0px||&#8221; global_module=&#8221;1257&#8243; saved_tabs=&#8221;all&#8221; collapsed=&#8221;off&#8221;][et_pb_row _builder_version=&#8221;3.26.3&#8243; width=&#8221;100%&#8221; module_alignment=&#8221;center&#8221; custom_margin=&#8221;|0px||0px&#8221; collapsed=&#8221;on&#8221;][et_pb_column type=&#8221;4_4&#8243; _builder_version=&#8221;3.26.3&#8243;][\/et_pb_column][\/et_pb_row][\/et_pb_section][et_pb_section fb_built=&#8221;1&#8243; disabled_on=&#8221;on|on|on&#8221; admin_label=&#8221;Pierwszy baner&#8221; module_class=&#8221;high-contrast&#8221; _builder_version=&#8221;3.26.3&#8243; custom_margin=&#8221;|||&#8221; custom_padding=&#8221;0px|0px||0px||&#8221; disabled=&#8221;on&#8221; collapsed=&#8221;off&#8221;][et_pb_row _builder_version=&#8221;3.25.2&#8243; width=&#8221;100%&#8221; module_alignment=&#8221;center&#8221; custom_margin=&#8221;|0px||0px&#8221;][et_pb_column type=&#8221;4_4&#8243; _builder_version=&#8221;3.25.2&#8243; custom_padding=&#8221;0px|0px|0px|0px&#8221;][et_pb_slider show_arrows=&#8221;off&#8221; use_bg_overlay=&#8221;off&#8221; use_text_overlay=&#8221;off&#8221; dot_nav_custom_color=&#8221;#ae4682&#8243; admin_label=&#8221;Banery&#8221; _builder_version=&#8221;3.26.3&#8243; height=&#8221;250px&#8221; custom_margin=&#8221;|0px||0px&#8221; auto=&#8221;on&#8221;][et_pb_slide url_new_window=&#8221;on&#8221; _builder_version=&#8221;3.26.3&#8243; header_font=&#8221;||||||||&#8221; header_font_size=&#8221;30px&#8221; background_color=&#8221;#ffffff&#8221; background_enable_color=&#8221;on&#8221; background_image=&#8221;http:\/\/umtykocin.pl\/mieszkaniec\/wp-content\/uploads\/sites\/4\/2019\/06\/baner_1100x250px_2.jpg&#8221; background_size=&#8221;contain&#8221; custom_padding=&#8221;125px||&#8221;][\/et_pb_slide][et_pb_slide _builder_version=&#8221;3.26.3&#8243; background_color=&#8221;#ffffff&#8221; [&hellip;]<\/p>\n","protected":false},"author":1,"featured_media":0,"parent":0,"menu_order":0,"comment_status":"closed","ping_status":"closed","template":"","meta":{"_et_pb_use_builder":"on","_et_pb_old_content":"","_et_gb_content_width":"","cybocfi_hide_featured_image":"","footnotes":""},"class_list":["post-970","page","type-page","status-publish","hentry","high-contrast"],"_links":{"self":[{"href":"http:\/\/umtykocin.pl\/mieszkaniec\/wp-json\/wp\/v2\/pages\/970","targetHints":{"allow":["GET"]}}],"collection":[{"href":"http:\/\/umtykocin.pl\/mieszkaniec\/wp-json\/wp\/v2\/pages"}],"about":[{"href":"http:\/\/umtykocin.pl\/mieszkaniec\/wp-json\/wp\/v2\/types\/page"}],"author":[{"embeddable":true,"href":"http:\/\/umtykocin.pl\/mieszkaniec\/wp-json\/wp\/v2\/users\/1"}],"replies":[{"embeddable":true,"href":"http:\/\/umtykocin.pl\/mieszkaniec\/wp-json\/wp\/v2\/comments?post=970"}],"version-history":[{"count":20,"href":"http:\/\/umtykocin.pl\/mieszkaniec\/wp-json\/wp\/v2\/pages\/970\/revisions"}],"predecessor-version":[{"id":11696,"href":"http:\/\/umtykocin.pl\/mieszkaniec\/wp-json\/wp\/v2\/pages\/970\/revisions\/11696"}],"wp:attachment":[{"href":"http:\/\/umtykocin.pl\/mieszkaniec\/wp-json\/wp\/v2\/media?parent=970"}],"curies":[{"name":"wp","href":"https:\/\/api.w.org\/{rel}","templated":true}]}}