{"id":143,"date":"2019-07-10T14:38:28","date_gmt":"2019-07-10T12:38:28","guid":{"rendered":"http:\/\/umtykocin.pl\/turysta\/?page_id=143"},"modified":"2020-03-03T11:53:09","modified_gmt":"2020-03-03T10:53:09","slug":"home_en","status":"publish","type":"page","link":"http:\/\/umtykocin.pl\/turysta\/en\/home_en\/","title":{"rendered":"Home_en"},"content":{"rendered":"<p>[et_pb_section fb_built=&#8221;1&#8243; admin_label=&#8221;Pierwszy baner&#8221; module_class=&#8221;high-contrast&#8221; _builder_version=&#8221;3.26.1&#8243; background_color=&#8221;rgba(0,0,0,0)&#8221; custom_margin=&#8221;|||&#8221; custom_padding=&#8221;0px|0px|0px|0px||&#8221; global_module=&#8221;417&#8243; saved_tabs=&#8221;all&#8221; collapsed=&#8221;on&#8221;][et_pb_row _builder_version=&#8221;3.25.2&#8243; width=&#8221;100%&#8221; module_alignment=&#8221;center&#8221; custom_margin=&#8221;|0px||0px&#8221;][et_pb_column type=&#8221;4_4&#8243; _builder_version=&#8221;3.25.2&#8243; custom_padding=&#8221;0px|0px|0px|0px&#8221;][et_pb_slider use_bg_overlay=&#8221;off&#8221; use_text_overlay=&#8221;off&#8221; dot_nav_custom_color=&#8221;#ae4682&#8243; admin_label=&#8221;Banery&#8221; _builder_version=&#8221;4.0.9&#8243; height=&#8221;250px&#8221; custom_margin=&#8221;|0px||0px&#8221;][et_pb_slide url_new_window=&#8221;on&#8221; admin_title=&#8221;Baner 1&#8243; _builder_version=&#8221;3.26.3&#8243; header_font=&#8221;||||||||&#8221; header_font_size=&#8221;30px&#8221; background_color=&#8221;rgba(255,255,255,0)&#8221; background_enable_color=&#8221;on&#8221; background_image=&#8221;http:\/\/umtykocin.pl\/turysta\/wp-content\/uploads\/sites\/3\/2019\/06\/baner_1100x250px_2.jpg&#8221; background_size=&#8221;contain&#8221; custom_padding=&#8221;125px||&#8221;][\/et_pb_slide][et_pb_slide admin_title=&#8221;Baner 2&#8243; _builder_version=&#8221;3.26.3&#8243; background_color=&#8221;rgba(255,255,255,0)&#8221; background_enable_color=&#8221;on&#8221; background_image=&#8221;http:\/\/umtykocin.pl\/turysta\/wp-content\/uploads\/sites\/3\/2019\/06\/baner_1100x250px_1.jpg&#8221; background_size=&#8221;contain&#8221;][\/et_pb_slide][et_pb_slide url_new_window=&#8221;on&#8221; admin_title=&#8221;Baner 1&#8243; _builder_version=&#8221;3.26.3&#8243; header_font=&#8221;||||||||&#8221; header_font_size=&#8221;30px&#8221; background_color=&#8221;rgba(255,255,255,0)&#8221; background_enable_color=&#8221;on&#8221; background_image=&#8221;http:\/\/umtykocin.pl\/turysta\/wp-content\/uploads\/sites\/3\/2019\/06\/baner_1100x250px_2.jpg&#8221; background_size=&#8221;contain&#8221; custom_padding=&#8221;125px||&#8221;][\/et_pb_slide][et_pb_slide admin_title=&#8221;Baner 2&#8243; _builder_version=&#8221;3.26.3&#8243; background_color=&#8221;rgba(255,255,255,0)&#8221; background_enable_color=&#8221;on&#8221; background_image=&#8221;http:\/\/umtykocin.pl\/turysta\/wp-content\/uploads\/sites\/3\/2019\/06\/baner_1100x250px_1.jpg&#8221; background_size=&#8221;contain&#8221;][\/et_pb_slide][\/et_pb_slider][\/et_pb_column][\/et_pb_row][\/et_pb_section][et_pb_section fb_built=&#8221;1&#8243; admin_label=&#8221;Kalendarz&#8221; module_class=&#8221;high-contrast&#8221; _builder_version=&#8221;3.26.1&#8243; custom_padding=&#8221;0px||0px|||&#8221; collapsed=&#8221;on&#8221;][et_pb_row disabled_on=&#8221;off|off|off&#8221; module_class=&#8221;high-contrast&#8221; _builder_version=&#8221;3.26.1&#8243;][et_pb_column type=&#8221;4_4&#8243; _builder_version=&#8221;3.25.2&#8243;][et_pb_code _builder_version=&#8221;3.25.4&#8243;]\t\t<div class=\"wcs-timetable__wrapper\">\n\t\t\t<div class=\"wcs-vue\" id=\"wcs-app-1\"><\/div>\n\t\t<\/div>\n\t\t[\/et_pb_code][\/et_pb_column][\/et_pb_row][\/et_pb_section][et_pb_section fb_built=&#8221;1&#8243; admin_label=&#8221;Drugi baner&#8221; module_class=&#8221;high-contrast&#8221; _builder_version=&#8221;3.26.1&#8243; custom_padding=&#8221;0px|||||&#8221; global_module=&#8221;419&#8243; saved_tabs=&#8221;all&#8221; collapsed=&#8221;on&#8221;][et_pb_row _builder_version=&#8221;3.25.2&#8243; width=&#8221;100%&#8221; max_height=&#8221;200px&#8221;][et_pb_column type=&#8221;4_4&#8243; _builder_version=&#8221;3.25.2&#8243;][et_pb_slider admin_label=&#8221;Banery&#8221; _builder_version=&#8221;3.26.3&#8243; min_height=&#8221;200px&#8221; max_height=&#8221;200px&#8221; custom_padding=&#8221;||&#8221;][et_pb_slide admin_title=&#8221;Baner 1&#8243; _builder_version=&#8221;3.26.3&#8243; background_color=&#8221;rgba(255,255,255,0)&#8221; background_enable_color=&#8221;on&#8221; background_image=&#8221;http:\/\/umtykocin.pl\/turysta\/wp-content\/uploads\/sites\/3\/2019\/06\/baner_1100x200px.jpg&#8221; background_size=&#8221;contain&#8221;][\/et_pb_slide][\/et_pb_slider][\/et_pb_column][\/et_pb_row][\/et_pb_section][et_pb_section fb_built=&#8221;1&#8243; admin_label=&#8221;Aktualno\u015bci&#8221; module_class=&#8221;high-contrast&#8221; _builder_version=&#8221;3.26.1&#8243; background_enable_color=&#8221;off&#8221; custom_padding=&#8221;||0px|||&#8221; collapsed=&#8221;on&#8221;][et_pb_row _builder_version=&#8221;3.25.2&#8243;][et_pb_column type=&#8221;4_4&#8243; _builder_version=&#8221;3.25.2&#8243;][et_pb_blog fullwidth=&#8221;off&#8221; posts_number=&#8221;12&#8243; show_more=&#8221;on&#8221; show_author=&#8221;off&#8221; use_overlay=&#8221;on&#8221; overlay_icon_color=&#8221;#ae4682&#8243; hover_icon=&#8221;%%52%%&#8221; admin_label=&#8221;Aktualno\u015bci&#8221; module_class=&#8221;cu-blog high-contrast&#8221; _builder_version=&#8221;3.26.1&#8243; read_more_font=&#8221;||||||||&#8221; read_more_text_color=&#8221;#009fe3&#8243;][\/et_pb_blog][\/et_pb_column][\/et_pb_row][\/et_pb_section][et_pb_section fb_built=&#8221;1&#8243; admin_label=&#8221;Log\u00f3wki partner\u00f3w&#8221; module_class=&#8221;high-contrast&#8221; _builder_version=&#8221;3.26.1&#8243; background_enable_color=&#8221;off&#8221; custom_padding=&#8221;0px|||||&#8221; collapsed=&#8221;on&#8221;][et_pb_row _builder_version=&#8221;3.25.2&#8243; width=&#8221;100%&#8221; collapsed=&#8221;on&#8221;][et_pb_column type=&#8221;4_4&#8243; _builder_version=&#8221;3.25.2&#8243;][et_pb_code admin_label=&#8221;Log\u00f3wki partner\u00f3w&#8221; _builder_version=&#8221;3.26.1&#8243;]\n\t\t<style>\n\t\t\t#wpls-logo-showcase-slider-1 .wpls-fix-box,\n\t\t\t#wpls-logo-showcase-slider-1 .wpls-fix-box img.wp-post-image{max-height:250px; }\n\t\t<\/style>\n\n\t\t<div class=\"wpls-wrap wpls-logo-showcase-slider-wrp wpls-logo-clearfix wpls-design-1 \" data-conf=\"{&quot;slides_column&quot;:&quot;4&quot;,&quot;slides_scroll&quot;:1,&quot;dots&quot;:&quot;false&quot;,&quot;arrows&quot;:&quot;false&quot;,&quot;autoplay&quot;:&quot;true&quot;,&quot;autoplay_interval&quot;:&quot;2000&quot;,&quot;loop&quot;:&quot;true&quot;,&quot;rtl&quot;:&quot;false&quot;,&quot;speed&quot;:800,&quot;center_mode&quot;:&quot;false&quot;,&quot;lazyload&quot;:&quot;&quot;}\">\n\t\t\t<div class=\"wpls-logo-showcase logo_showcase wpls-logo-slider  sliderimage_hide_border wpls-dots-false\" id=\"wpls-logo-showcase-slider-1\" >\n\t\t\t\t<div class=\"wpls-logo-cnt\">\n\t<div class=\"wpls-fix-box\">\n\t\t\t\t<a href=\"https:\/\/www.bialystok.uw.gov.pl\/Wojewoda\" target=\"_self\">\n\t\t\t<img decoding=\"async\" class=\"wp-post-image\"  src=\"http:\/\/umtykocin.pl\/turysta\/wp-content\/uploads\/sites\/3\/2019\/06\/logo_wojewoda_podlaski.jpg\" alt=\"Grafika przedstawia zielon\u0105 kresk\u0119 oraz br\u0105zowego \u017cubra\" \/>\n\t\t<\/a>\n\t\t\t<\/div>\n\t<\/div><div class=\"wpls-logo-cnt\">\n\t<div class=\"wpls-fix-box\">\n\t\t\t\t<a href=\"http:\/\/www.powiatbialostocki.pl\/\" target=\"_self\">\n\t\t\t<img decoding=\"async\" class=\"wp-post-image\"  src=\"http:\/\/umtykocin.pl\/turysta\/wp-content\/uploads\/sites\/3\/2019\/06\/logo_powiat_bialostocki.jpg\" alt=\"Grafika god\u0142o w kolorze czerwonym i pomara\u0144czowym. Na czerwonym tle widnieje bia\u0142y orze\u0142. Na pomara\u0144czowym tle widzimy \u0142osia\" \/>\n\t\t<\/a>\n\t\t\t<\/div>\n\t<\/div><div class=\"wpls-logo-cnt\">\n\t<div class=\"wpls-fix-box\">\n\t\t\t\t<a href=\"https:\/\/www.wrotapodlasia.pl\/\" target=\"_self\">\n\t\t\t<img decoding=\"async\" class=\"wp-post-image\"  src=\"http:\/\/umtykocin.pl\/turysta\/wp-content\/uploads\/sites\/3\/2019\/06\/logo_wrota_podlasia.jpg\" alt=\"Grafika przedstawia napis Wrota Podlasia oraz \u017cubra wykonanego z r\u00f3\u017cnokolorowych pikseli.\" \/>\n\t\t<\/a>\n\t\t\t<\/div>\n\t<\/div><div class=\"wpls-logo-cnt\">\n\t<div class=\"wpls-fix-box\">\n\t\t\t\t<a href=\"http:\/\/greenvelo.pl\/\" target=\"_self\">\n\t\t\t<img decoding=\"async\" class=\"wp-post-image\"  src=\"http:\/\/umtykocin.pl\/turysta\/wp-content\/uploads\/sites\/3\/2019\/06\/logo_green_velo.jpg\" alt=\"Grafika przedstawia logo Green Velo. Logo sk\u0142ada si\u0119 z napisu Green Velo oraz \u0142a\u0144cucha rowerowego w r\u00f3\u017cnych kolorach\" \/>\n\t\t<\/a>\n\t\t\t<\/div>\n\t<\/div><div class=\"wpls-logo-cnt\">\n\t<div class=\"wpls-fix-box\">\n\t\t\t\t<a href=\"https:\/\/epuap.gov.pl\/\" target=\"_self\">\n\t\t\t<img decoding=\"async\" class=\"wp-post-image\"  src=\"http:\/\/umtykocin.pl\/turysta\/wp-content\/uploads\/sites\/3\/2019\/06\/logo_epuap.jpg\" alt=\"Grafika przedstawia niebieski napis ePUAP\" \/>\n\t\t<\/a>\n\t\t\t<\/div>\n\t<\/div><div class=\"wpls-logo-cnt\">\n\t<div class=\"wpls-fix-box\">\n\t\t\t\t<img decoding=\"async\" class=\"wp-post-image\"  src=\"http:\/\/umtykocin.pl\/turysta\/wp-content\/uploads\/sites\/3\/2019\/06\/logo_burmistrz_tykocina.jpg\" alt=\"Grafika przedstawia napis Burmistrz Tykocina oraz podobizn\u0119 byka.\" \/>\n\t\t\t<\/div>\n\t<\/div><div class=\"wpls-logo-cnt\">\n\t<div class=\"wpls-fix-box\">\n\t\t\t\t<a href=\"http:\/\/bip.um.tykocin.wrotapodlasia.pl\/\" target=\"_self\">\n\t\t\t<img decoding=\"async\" class=\"wp-post-image\"  src=\"http:\/\/umtykocin.pl\/turysta\/wp-content\/uploads\/sites\/3\/2020\/06\/Herb-1024x645-1.jpg\" alt=\"Grafika przedstawia czerwony herb z z\u00f3\u0142tym bykiem\" \/>\n\t\t<\/a>\n\t\t\t<\/div>\n\t<\/div>\t\t\t<\/div>\n\t\t<\/div>\n\n\t\t[\/et_pb_code][\/et_pb_column][\/et_pb_row][\/et_pb_section]<\/p>\n","protected":false},"excerpt":{"rendered":"<p>[et_pb_section fb_built=&#8221;1&#8243; admin_label=&#8221;Pierwszy baner&#8221; module_class=&#8221;high-contrast&#8221; _builder_version=&#8221;3.26.1&#8243; background_color=&#8221;rgba(0,0,0,0)&#8221; custom_margin=&#8221;|||&#8221; custom_padding=&#8221;0px|0px|0px|0px||&#8221; global_module=&#8221;417&#8243; saved_tabs=&#8221;all&#8221; collapsed=&#8221;on&#8221;][et_pb_row _builder_version=&#8221;3.25.2&#8243; width=&#8221;100%&#8221; module_alignment=&#8221;center&#8221; custom_margin=&#8221;|0px||0px&#8221;][et_pb_column type=&#8221;4_4&#8243; _builder_version=&#8221;3.25.2&#8243; custom_padding=&#8221;0px|0px|0px|0px&#8221;][et_pb_slider use_bg_overlay=&#8221;off&#8221; use_text_overlay=&#8221;off&#8221; dot_nav_custom_color=&#8221;#ae4682&#8243; admin_label=&#8221;Banery&#8221; _builder_version=&#8221;4.0.9&#8243; height=&#8221;250px&#8221; custom_margin=&#8221;|0px||0px&#8221;][et_pb_slide url_new_window=&#8221;on&#8221; admin_title=&#8221;Baner 1&#8243; _builder_version=&#8221;3.26.3&#8243; header_font=&#8221;||||||||&#8221; header_font_size=&#8221;30px&#8221; background_color=&#8221;rgba(255,255,255,0)&#8221; background_enable_color=&#8221;on&#8221; background_image=&#8221;http:\/\/umtykocin.pl\/turysta\/wp-content\/uploads\/sites\/3\/2019\/06\/baner_1100x250px_2.jpg&#8221; background_size=&#8221;contain&#8221; custom_padding=&#8221;125px||&#8221;][\/et_pb_slide][et_pb_slide admin_title=&#8221;Baner 2&#8243; _builder_version=&#8221;3.26.3&#8243; background_color=&#8221;rgba(255,255,255,0)&#8221; background_enable_color=&#8221;on&#8221; background_image=&#8221;http:\/\/umtykocin.pl\/turysta\/wp-content\/uploads\/sites\/3\/2019\/06\/baner_1100x250px_1.jpg&#8221; background_size=&#8221;contain&#8221;][\/et_pb_slide][et_pb_slide url_new_window=&#8221;on&#8221; admin_title=&#8221;Baner 1&#8243; _builder_version=&#8221;3.26.3&#8243; header_font=&#8221;||||||||&#8221; header_font_size=&#8221;30px&#8221; background_color=&#8221;rgba(255,255,255,0)&#8221; background_enable_color=&#8221;on&#8221; background_image=&#8221;http:\/\/umtykocin.pl\/turysta\/wp-content\/uploads\/sites\/3\/2019\/06\/baner_1100x250px_2.jpg&#8221; background_size=&#8221;contain&#8221; custom_padding=&#8221;125px||&#8221;][\/et_pb_slide][et_pb_slide [&hellip;]<\/p>\n","protected":false},"author":1,"featured_media":0,"parent":0,"menu_order":0,"comment_status":"closed","ping_status":"closed","template":"","meta":{"_et_pb_use_builder":"on","_et_pb_old_content":"","_et_gb_content_width":"","cybocfi_hide_featured_image":"","footnotes":""},"class_list":["post-143","page","type-page","status-publish","hentry"],"_links":{"self":[{"href":"http:\/\/umtykocin.pl\/turysta\/wp-json\/wp\/v2\/pages\/143","targetHints":{"allow":["GET"]}}],"collection":[{"href":"http:\/\/umtykocin.pl\/turysta\/wp-json\/wp\/v2\/pages"}],"about":[{"href":"http:\/\/umtykocin.pl\/turysta\/wp-json\/wp\/v2\/types\/page"}],"author":[{"embeddable":true,"href":"http:\/\/umtykocin.pl\/turysta\/wp-json\/wp\/v2\/users\/1"}],"replies":[{"embeddable":true,"href":"http:\/\/umtykocin.pl\/turysta\/wp-json\/wp\/v2\/comments?post=143"}],"version-history":[{"count":13,"href":"http:\/\/umtykocin.pl\/turysta\/wp-json\/wp\/v2\/pages\/143\/revisions"}],"predecessor-version":[{"id":1216,"href":"http:\/\/umtykocin.pl\/turysta\/wp-json\/wp\/v2\/pages\/143\/revisions\/1216"}],"wp:attachment":[{"href":"http:\/\/umtykocin.pl\/turysta\/wp-json\/wp\/v2\/media?parent=143"}],"curies":[{"name":"wp","href":"https:\/\/api.w.org\/{rel}","templated":true}]}}