{"id":288,"date":"2019-06-26T08:45:29","date_gmt":"2019-06-26T06:45:29","guid":{"rendered":"http:\/\/umtykocin.pl\/mieszkaniec\/?page_id=288"},"modified":"2026-02-24T12:35:37","modified_gmt":"2026-02-24T11:35:37","slug":"organizacja-urzedu","status":"publish","type":"page","link":"https:\/\/umtykocin.pl\/mieszkaniec\/urzad-miejski\/organizacja-urzedu\/","title":{"rendered":"Organizacja urz\u0119du"},"content":{"rendered":"<p>Burmistrz &#8211; Mariusz Dudzi\u0144ski<\/p>\n<p>Sekretarz Gminy &#8211; Urszula Go\u0142\u0119biewska<\/p>\n<p>Skarbnik Gminy &#8211; Dorota Sadowska<\/p>\n<p><strong>REFERAT ORGANIZACYJNY<\/strong><\/p>\n<p>\u25a0\u00a0 Kierownik &#8211; Anna Borysiuk<\/p>\n<p>\u25a0 Inspektor &#8211; Pawe\u0142 Pogorzelski<\/p>\n<p>\u25a0 Inspektor &#8211; Joanna Stankowska<\/p>\n<p>\u25a0 Podinspektor &#8211; Rafa\u0142 Maliszewski<\/p>\n<p>\u25a0 Pomoc administracyjna &#8211; Iwona Ignatowska<\/p>\n<p>\u25a0 Pomoc administracyjna &#8211; Monika Markowska<\/p>\n<p>\u25a0 Pomoc administracyjna &#8211; Katarzyna Grz\u0119da- Ba\u0142akier<\/p>\n<p>\u25a0 Pomoc administracyjna &#8211; Izabela Gr\u0105dzka<\/p>\n<p>\u25a0 1 kierowca<\/p>\n<p>\u25a0 1 opiekun dzieci dowo\u017conych do szk\u00f3\u0142<\/p>\n<p>\u25a0 1 stanowisko magazyniera<\/p>\n<p>\u25a0 1 stanowisko sprz\u0105taczki<\/p>\n<p>\u25a0 1 stanowiska konserwatora<\/p>\n<p>\u25a0 2 stanowiska kierowc\u00f3w mechanik\u00f3w OSP<\/p>\n<p><strong>REFERAT INWESTYCYJNO-\u015aRODOWISKOWY<\/strong><\/p>\n<p><strong>\u25a0\u00a0<\/strong>Kierownik Referatu &#8211; Karolina Rojecka<\/p>\n<p><strong>\u25a0\u00a0<\/strong>Z-ca Kierownika &#8211; Agnieszka Malinowska<\/p>\n<p><strong>\u25a0 I<\/strong>nspektor &#8211; Karolina Nikitorowicz-\u017bygie\u0142o<\/p>\n<p><strong>\u25a0\u00a0<\/strong>Podinspektor &#8211; Magdalena Trybu\u0142owska<\/p>\n<p><strong>\u25a0 <\/strong>Pomoc administracyjna- Aleksandra Sienicka<\/p>\n<p><strong>REFERAT NIERUCHOMO\u015aCI I ZAM\u00d3WIE\u0143 PUBLICZNYCH\u00a0<\/strong><\/p>\n<p><strong>\u25a0<\/strong> Kierownik Referatu &#8211; Katarzyna Do\u0142kin<\/p>\n<p>\u25a0\u00a0 Z-ca Kierownika &#8211; Iwona Sok\u00f3\u0142<\/p>\n<p>\u25a0 Inspektor &#8211; Szymon Grzegorczyk<\/p>\n<p>\u25a0 Inspektor &#8211; Joanna Klimaszewska<\/p>\n<p><strong>REFERAT FINANSOWO \u2013 KSI\u0118GOWY<\/strong><\/p>\n<p>\u25a0 Kierownik\/ G\u0142\u00f3wny ksi\u0119gowy &#8211; Marzena Sadowska<\/p>\n<p>\u25a0 Z-ca Kierownika &#8211; Katarzyna Wo\u0142osik<\/p>\n<p>\u25a0 Inspektor &#8211; Joanna D\u0105browska<\/p>\n<p>\u25a0 Inspektor ds. podatk\u00f3w lokalnych &#8211;\u00a0 Katarzyna Zubrzycka<\/p>\n<p>\u25a0 Inspektor ds. podatk\u00f3w lokalnych &#8211; Marzena Marciszewska<\/p>\n<p>\u25a0 Inspektor &#8211;\u00a0 Dorota Le\u015bniewska<\/p>\n<p>\u25a0 Podinspektor &#8211; Beata Daniszewska<\/p>\n<p><strong>REFERAT SPRAW OBYWATELSKICH<\/strong><\/p>\n<p>\u25a0 Kierownik &#8211;\u00a0 Anna Olszewska<\/p>\n<p>\u25a0 Zast\u0119pca kierownika &#8211; Adam Grochowski<\/p>\n<p><strong>REFERAT KOMUNALNY<\/strong><\/p>\n<p>\u25a0 Kierownik &#8211;\u00a0 Anna Malecka<\/p>\n<p>\u25a0 Zast\u0119pca kierownika &#8211; Anna Nartowicz<\/p>\n<p><strong>\u25a0\u00a0<\/strong>Inspektor &#8211; Barbara Olszewska<\/p>\n<p><strong>\u25a0\u00a0<\/strong>Podinspektor &#8211; Krzysztof Wnorowski<\/p>\n<p><strong>\u25a0 <\/strong>Pomoc administracyjna &#8211; Iwona Sowa<\/p>\n<p><strong>SAMODZIELNE STANOWISKO<\/strong><\/p>\n<p>\u25a0 Radca Prawny &#8211; Aneta Wyszy\u0144ska<\/p>\n<p>\u25a0 Inspektor Ochrony Danych &#8211; Jaros\u0142aw Rudawski: iod@umtykocin.pl<\/p>\n","protected":false},"excerpt":{"rendered":"<p>Burmistrz &#8211; Mariusz Dudzi\u0144ski Sekretarz Gminy &#8211; Urszula Go\u0142\u0119biewska Skarbnik Gminy &#8211; Dorota Sadowska REFERAT ORGANIZACYJNY \u25a0\u00a0 Kierownik &#8211; Anna Borysiuk \u25a0 Inspektor &#8211; Pawe\u0142 Pogorzelski \u25a0 Inspektor &#8211; Joanna Stankowska \u25a0 Podinspektor &#8211; Rafa\u0142 Maliszewski \u25a0 Pomoc administracyjna &#8211; Iwona Ignatowska \u25a0 Pomoc administracyjna &#8211; Monika Markowska \u25a0 Pomoc administracyjna &#8211; Katarzyna Grz\u0119da- Ba\u0142akier [&hellip;]<\/p>\n","protected":false},"author":1,"featured_media":0,"parent":1959,"menu_order":0,"comment_status":"closed","ping_status":"closed","template":"","meta":{"_et_pb_use_builder":"off","_et_pb_old_content":"","_et_gb_content_width":"","cybocfi_hide_featured_image":"","footnotes":""},"class_list":["post-288","page","type-page","status-publish","hentry","high-contrast"],"_links":{"self":[{"href":"https:\/\/umtykocin.pl\/mieszkaniec\/wp-json\/wp\/v2\/pages\/288","targetHints":{"allow":["GET"]}}],"collection":[{"href":"https:\/\/umtykocin.pl\/mieszkaniec\/wp-json\/wp\/v2\/pages"}],"about":[{"href":"https:\/\/umtykocin.pl\/mieszkaniec\/wp-json\/wp\/v2\/types\/page"}],"author":[{"embeddable":true,"href":"https:\/\/umtykocin.pl\/mieszkaniec\/wp-json\/wp\/v2\/users\/1"}],"replies":[{"embeddable":true,"href":"https:\/\/umtykocin.pl\/mieszkaniec\/wp-json\/wp\/v2\/comments?post=288"}],"version-history":[{"count":76,"href":"https:\/\/umtykocin.pl\/mieszkaniec\/wp-json\/wp\/v2\/pages\/288\/revisions"}],"predecessor-version":[{"id":11694,"href":"https:\/\/umtykocin.pl\/mieszkaniec\/wp-json\/wp\/v2\/pages\/288\/revisions\/11694"}],"up":[{"embeddable":true,"href":"https:\/\/umtykocin.pl\/mieszkaniec\/wp-json\/wp\/v2\/pages\/1959"}],"wp:attachment":[{"href":"https:\/\/umtykocin.pl\/mieszkaniec\/wp-json\/wp\/v2\/media?parent=288"}],"curies":[{"name":"wp","href":"https:\/\/api.w.org\/{rel}","templated":true}]}}